{"id":1448,"date":"2021-09-09T15:40:54","date_gmt":"2021-09-09T19:40:54","guid":{"rendered":"https:\/\/panoston.ideasconnected.com\/produits\/"},"modified":"2025-08-24T08:12:44","modified_gmt":"2025-08-24T12:12:44","slug":"produits","status":"publish","type":"page","link":"https:\/\/www.panoston.ca\/fr\/produits\/","title":{"rendered":"Produits"},"content":{"rendered":"<div id=\"pl-1448\"  class=\"panel-layout\" ><div id=\"pg-1448-0\"  class=\"panel-grid panel-has-style\" ><div class=\"siteorigin-panels-stretch panel-row-style panel-row-style-for-1448-0\" data-stretch-type=\"full\" ><div id=\"pgc-1448-0-0\"  class=\"panel-grid-cell\" ><div class=\"panel-cell-style panel-cell-style-for-1448-0-0\" ><div id=\"panel-1448-0-0-0\" class=\"so-panel widget widget_sow-editor panel-first-child panel-last-child\" data-index=\"0\" ><div\n\t\t\t\n\t\t\tclass=\"so-widget-sow-editor so-widget-sow-editor-base\"\n\t\t\t\n\t\t>\n<div class=\"siteorigin-widget-tinymce textwidget\">\n\t<h1>Produits<\/h1>\n<\/div>\n<\/div><\/div><\/div><\/div><\/div><\/div><div id=\"pg-1448-1\"  class=\"panel-grid panel-no-style\" ><div id=\"pgc-1448-1-0\"  class=\"panel-grid-cell\" ><div id=\"panel-1448-1-0-0\" class=\"so-panel widget widget_sow-editor panel-first-child panel-last-child\" data-index=\"1\" ><div\n\t\t\t\n\t\t\tclass=\"so-widget-sow-editor so-widget-sow-editor-base\"\n\t\t\t\n\t\t>\n<div class=\"siteorigin-widget-tinymce textwidget\">\n\t<p>Pan-Oston a d\u00e9velopp\u00e9 et con\u00e7u une large gamme d'agencements sur mesure et standard pour un large \u00e9ventail d'entreprises aux besoins vari\u00e9s.<\/p>\n<p>Cela comprend des applications pour les espaces de vente au d\u00e9tail de produits pour la maison, la quincaillerie, les supermarch\u00e9s, les pharmacies, l'automobile, les marchandises g\u00e9n\u00e9rales et l'\u00e9lectronique.<\/p>\n<p>Nos solutions d'agencement r\u00e9pondent \u00e0 de multiples exigences en termes d'espace, de fonction, de design et de budget. Nous travaillons \u00e9galement selon les sp\u00e9cifications de conception de tiers et les supports de marque fournis par les agences. Nos clients comptent sur nous pour fournir des produits aux performances sup\u00e9rieures.<\/p>\n<\/div>\n<\/div><\/div><\/div><\/div><div id=\"pg-1448-2\"  class=\"panel-grid panel-no-style\" ><div id=\"pgc-1448-2-0\"  class=\"panel-grid-cell\" ><div id=\"panel-1448-2-0-0\" class=\"so-panel widget widget_sow-image panel-first-child panel-last-child\" data-index=\"2\" ><div\n\t\t\t\n\t\t\tclass=\"so-widget-sow-image so-widget-sow-image-default-113ccd71f3e6-1448\"\n\t\t\t\n\t\t>\n<div class=\"sow-image-container\">\n\t\t\t<a href=\"https:\/\/www.panoston.ca\/products\/checkouts\/\"\n\t\t\t\t\t>\n\t\t\t<img \n\tsrc=\"https:\/\/www.panoston.ca\/wp-content\/uploads\/2021\/09\/Checkout_square.jpg\" width=\"875\" height=\"875\" srcset=\"https:\/\/www.panoston.ca\/wp-content\/uploads\/2021\/09\/Checkout_square.jpg 875w, https:\/\/www.panoston.ca\/wp-content\/uploads\/2021\/09\/Checkout_square-300x300.jpg 300w, https:\/\/www.panoston.ca\/wp-content\/uploads\/2021\/09\/Checkout_square-100x100.jpg 100w, https:\/\/www.panoston.ca\/wp-content\/uploads\/2021\/09\/Checkout_square-600x600.jpg 600w, https:\/\/www.panoston.ca\/wp-content\/uploads\/2021\/09\/Checkout_square-150x150.jpg 150w, https:\/\/www.panoston.ca\/wp-content\/uploads\/2021\/09\/Checkout_square-768x768.jpg 768w, https:\/\/www.panoston.ca\/wp-content\/uploads\/2021\/09\/Checkout_square-500x500.jpg 500w, https:\/\/www.panoston.ca\/wp-content\/uploads\/2021\/09\/Checkout_square-200x200.jpg 200w\" sizes=\"(max-width: 875px) 100vw, 875px\" title=\"Caisses\" alt=\"\" \t\tclass=\"so-widget-image\"\/>\n\t\t\t<\/a><\/div>\n\n<h3 class=\"widget-title\">\t\t<a href=\"https:\/\/www.panoston.ca\/products\/checkouts\/\"\n\t\t\t\t\t>\n\t\tCaisses<\/a><\/h3><\/div><\/div><\/div><div id=\"pgc-1448-2-1\"  class=\"panel-grid-cell\" ><div id=\"panel-1448-2-1-0\" class=\"so-panel widget widget_sow-image panel-first-child panel-last-child\" data-index=\"3\" ><div\n\t\t\t\n\t\t\tclass=\"so-widget-sow-image so-widget-sow-image-default-113ccd71f3e6-1448\"\n\t\t\t\n\t\t>\n<div class=\"sow-image-container\">\n\t\t\t<a href=\"https:\/\/www.panoston.ca\/products\/kiosks\/\"\n\t\t\t\t\t>\n\t\t\t<img \n\tsrc=\"https:\/\/www.panoston.ca\/wp-content\/uploads\/2021\/10\/product_kiosk.jpg\" width=\"453\" height=\"453\" srcset=\"https:\/\/www.panoston.ca\/wp-content\/uploads\/2021\/10\/product_kiosk.jpg 453w, https:\/\/www.panoston.ca\/wp-content\/uploads\/2021\/10\/product_kiosk-300x300.jpg 300w, https:\/\/www.panoston.ca\/wp-content\/uploads\/2021\/10\/product_kiosk-100x100.jpg 100w, https:\/\/www.panoston.ca\/wp-content\/uploads\/2021\/10\/product_kiosk-150x150.jpg 150w, https:\/\/www.panoston.ca\/wp-content\/uploads\/2021\/10\/product_kiosk-200x200.jpg 200w\" sizes=\"(max-width: 453px) 100vw, 453px\" title=\"Bornes\" alt=\"\" \t\tclass=\"so-widget-image\"\/>\n\t\t\t<\/a><\/div>\n\n<h3 class=\"widget-title\">\t\t<a href=\"https:\/\/www.panoston.ca\/products\/kiosks\/\"\n\t\t\t\t\t>\n\t\tBornes<\/a><\/h3><\/div><\/div><\/div><div id=\"pgc-1448-2-2\"  class=\"panel-grid-cell\" ><div id=\"panel-1448-2-2-0\" class=\"so-panel widget widget_sow-image panel-first-child panel-last-child\" data-index=\"4\" ><div\n\t\t\t\n\t\t\tclass=\"so-widget-sow-image so-widget-sow-image-default-113ccd71f3e6-1448\"\n\t\t\t\n\t\t>\n<div class=\"sow-image-container\">\n\t\t\t<a href=\"https:\/\/www.panoston.ca\/products\/retail-fixtures\/\"\n\t\t\t\t\t>\n\t\t\t<img \n\tsrc=\"https:\/\/www.panoston.ca\/wp-content\/uploads\/2021\/10\/product_retail_fixture.jpg\" width=\"453\" height=\"453\" srcset=\"https:\/\/www.panoston.ca\/wp-content\/uploads\/2021\/10\/product_retail_fixture.jpg 453w, https:\/\/www.panoston.ca\/wp-content\/uploads\/2021\/10\/product_retail_fixture-300x300.jpg 300w, https:\/\/www.panoston.ca\/wp-content\/uploads\/2021\/10\/product_retail_fixture-100x100.jpg 100w, https:\/\/www.panoston.ca\/wp-content\/uploads\/2021\/10\/product_retail_fixture-150x150.jpg 150w, https:\/\/www.panoston.ca\/wp-content\/uploads\/2021\/10\/product_retail_fixture-200x200.jpg 200w\" sizes=\"(max-width: 453px) 100vw, 453px\" title=\"Agencements pour commerce de d\u00e9tail\" alt=\"\" \t\tclass=\"so-widget-image\"\/>\n\t\t\t<\/a><\/div>\n\n<h3 class=\"widget-title\">\t\t<a href=\"https:\/\/www.panoston.ca\/products\/retail-fixtures\/\"\n\t\t\t\t\t>\n\t\tAgencements pour commerce de d\u00e9tail<\/a><\/h3><\/div><\/div><\/div><\/div><div id=\"pg-1448-3\"  class=\"panel-grid panel-no-style\" ><div id=\"pgc-1448-3-0\"  class=\"panel-grid-cell\" ><div id=\"panel-1448-3-0-0\" class=\"so-panel widget widget_sow-image panel-first-child panel-last-child\" data-index=\"5\" ><div\n\t\t\t\n\t\t\tclass=\"so-widget-sow-image so-widget-sow-image-default-113ccd71f3e6-1448\"\n\t\t\t\n\t\t>\n<div class=\"sow-image-container\">\n\t\t\t<a href=\"https:\/\/www.panoston.ca\/products\/modular-metal-counters\/\"\n\t\t\t\t\t>\n\t\t\t<img \n\tsrc=\"https:\/\/www.panoston.ca\/wp-content\/uploads\/2021\/10\/Biggar-Pharmacy-453.jpg\" width=\"453\" height=\"453\" srcset=\"https:\/\/www.panoston.ca\/wp-content\/uploads\/2021\/10\/Biggar-Pharmacy-453.jpg 453w, https:\/\/www.panoston.ca\/wp-content\/uploads\/2021\/10\/Biggar-Pharmacy-453-300x300.jpg 300w, https:\/\/www.panoston.ca\/wp-content\/uploads\/2021\/10\/Biggar-Pharmacy-453-100x100.jpg 100w, https:\/\/www.panoston.ca\/wp-content\/uploads\/2021\/10\/Biggar-Pharmacy-453-150x150.jpg 150w, https:\/\/www.panoston.ca\/wp-content\/uploads\/2021\/10\/Biggar-Pharmacy-453-200x200.jpg 200w\" sizes=\"(max-width: 453px) 100vw, 453px\" title=\"Comptoirs modulaires en m\u00e9tal\" alt=\"\" \t\tclass=\"so-widget-image\"\/>\n\t\t\t<\/a><\/div>\n\n<h3 class=\"widget-title\">\t\t<a href=\"https:\/\/www.panoston.ca\/products\/modular-metal-counters\/\"\n\t\t\t\t\t>\n\t\tComptoirs modulaires en m\u00e9tal<\/a><\/h3><\/div><\/div><\/div><div id=\"pgc-1448-3-1\"  class=\"panel-grid-cell\" ><div id=\"panel-1448-3-1-0\" class=\"so-panel widget widget_sow-image panel-first-child panel-last-child\" data-index=\"6\" ><div\n\t\t\t\n\t\t\tclass=\"so-widget-sow-image so-widget-sow-image-default-113ccd71f3e6-1448\"\n\t\t\t\n\t\t>\n<div class=\"sow-image-container\">\n\t\t\t<a href=\"https:\/\/www.panoston.ca\/?page_id=72\"\n\t\t\t\t\t>\n\t\t\t<img \n\tsrc=\"https:\/\/www.panoston.ca\/wp-content\/uploads\/2021\/10\/product_sca.jpg\" width=\"453\" height=\"453\" srcset=\"https:\/\/www.panoston.ca\/wp-content\/uploads\/2021\/10\/product_sca.jpg 453w, https:\/\/www.panoston.ca\/wp-content\/uploads\/2021\/10\/product_sca-300x300.jpg 300w, https:\/\/www.panoston.ca\/wp-content\/uploads\/2021\/10\/product_sca-100x100.jpg 100w, https:\/\/www.panoston.ca\/wp-content\/uploads\/2021\/10\/product_sca-150x150.jpg 150w, https:\/\/www.panoston.ca\/wp-content\/uploads\/2021\/10\/product_sca-200x200.jpg 200w\" sizes=\"(max-width: 453px) 100vw, 453px\" title=\"Southern Case Arts\" alt=\"\" \t\tclass=\"so-widget-image\"\/>\n\t\t\t<\/a><\/div>\n\n<h3 class=\"widget-title\">\t\t<a href=\"https:\/\/www.panoston.ca\/?page_id=72\"\n\t\t\t\t\t>\n\t\tSouthern Case Arts<\/a><\/h3><\/div><\/div><\/div><div id=\"pgc-1448-3-2\"  class=\"panel-grid-cell\" ><div id=\"panel-1448-3-2-0\" class=\"so-panel widget widget_sow-image panel-first-child panel-last-child\" data-index=\"7\" ><div\n\t\t\t\n\t\t\tclass=\"so-widget-sow-image so-widget-sow-image-default-113ccd71f3e6-1448\"\n\t\t\t\n\t\t>\n<div class=\"sow-image-container\">\n\t\t\t<a href=\"https:\/\/www.panoston.ca\/products\/cannabis\/\"\n\t\t\t\t\t>\n\t\t\t<img \n\tsrc=\"https:\/\/www.panoston.ca\/wp-content\/uploads\/2022\/04\/product-cannabis.jpg\" width=\"453\" height=\"453\" srcset=\"https:\/\/www.panoston.ca\/wp-content\/uploads\/2022\/04\/product-cannabis.jpg 453w, https:\/\/www.panoston.ca\/wp-content\/uploads\/2022\/04\/product-cannabis-300x300.jpg 300w, https:\/\/www.panoston.ca\/wp-content\/uploads\/2022\/04\/product-cannabis-150x150.jpg 150w, https:\/\/www.panoston.ca\/wp-content\/uploads\/2022\/04\/product-cannabis-200x200.jpg 200w, https:\/\/www.panoston.ca\/wp-content\/uploads\/2022\/04\/product-cannabis-100x100.jpg 100w\" sizes=\"(max-width: 453px) 100vw, 453px\" title=\"Armoire de stockage pour cannabis\" alt=\"\" \t\tclass=\"so-widget-image\"\/>\n\t\t\t<\/a><\/div>\n\n<h3 class=\"widget-title\">\t\t<a href=\"https:\/\/www.panoston.ca\/products\/cannabis\/\"\n\t\t\t\t\t>\n\t\tArmoire de stockage pour cannabis<\/a><\/h3><\/div><\/div><\/div><\/div><\/div>","protected":false},"excerpt":{"rendered":"<p>Produits Pan-Oston a d\u00e9velopp\u00e9 et con\u00e7u une large gamme d&rsquo;agencements sur mesure et standard pour un large \u00e9ventail d&rsquo;entreprises aux besoins vari\u00e9s. Cela comprend des applications pour les espaces de vente au d\u00e9tail de produits pour la maison, la quincaillerie, les supermarch\u00e9s, les pharmacies, l&rsquo;automobile, les marchandises g\u00e9n\u00e9rales et l&rsquo;\u00e9lectronique. Nos solutions d&rsquo;agencement r\u00e9pondent \u00e0 [&hellip;]<\/p>\n","protected":false},"author":1,"featured_media":0,"parent":0,"menu_order":10,"comment_status":"closed","ping_status":"closed","template":"","meta":{"_acf_changed":false,"footnotes":""},"class_list":["post-1448","page","type-page","status-publish","hentry"],"acf":[],"yoast_head":"<!-- This site is optimized with the Yoast SEO plugin v27.5 - https:\/\/yoast.com\/product\/yoast-seo-wordpress\/ -->\n<title>Produits - Pan-Oston Ltd<\/title>\n<meta name=\"robots\" content=\"index, follow, max-snippet:-1, max-image-preview:large, max-video-preview:-1\" \/>\n<link rel=\"canonical\" href=\"https:\/\/www.panoston.ca\/fr\/produits\/\" \/>\n<meta property=\"og:locale\" content=\"fr_FR\" \/>\n<meta property=\"og:type\" content=\"article\" \/>\n<meta property=\"og:title\" content=\"Produits - Pan-Oston Ltd\" \/>\n<meta property=\"og:description\" content=\"Produits Pan-Oston a d\u00e9velopp\u00e9 et con\u00e7u une large gamme d&#039;agencements sur mesure et standard pour un large \u00e9ventail d&#039;entreprises aux besoins vari\u00e9s. Cela comprend des applications pour les espaces de vente au d\u00e9tail de produits pour la maison, la quincaillerie, les supermarch\u00e9s, les pharmacies, l&#039;automobile, les marchandises g\u00e9n\u00e9rales et l&#039;\u00e9lectronique. Nos solutions d&#039;agencement r\u00e9pondent \u00e0 [&hellip;]\" \/>\n<meta property=\"og:url\" content=\"https:\/\/www.panoston.ca\/fr\/produits\/\" \/>\n<meta property=\"og:site_name\" content=\"Pan-Oston Ltd\" \/>\n<meta property=\"article:modified_time\" content=\"2025-08-24T12:12:44+00:00\" \/>\n<meta name=\"twitter:card\" content=\"summary_large_image\" \/>\n<script type=\"application\/ld+json\" class=\"yoast-schema-graph\">{\"@context\":\"https:\\\/\\\/schema.org\",\"@graph\":[{\"@type\":\"WebPage\",\"@id\":\"https:\\\/\\\/www.panoston.ca\\\/fr\\\/produits\\\/\",\"url\":\"https:\\\/\\\/www.panoston.ca\\\/fr\\\/produits\\\/\",\"name\":\"Produits - Pan-Oston Ltd\",\"isPartOf\":{\"@id\":\"https:\\\/\\\/www.panoston.ca\\\/fr\\\/#website\"},\"datePublished\":\"2021-09-09T19:40:54+00:00\",\"dateModified\":\"2025-08-24T12:12:44+00:00\",\"breadcrumb\":{\"@id\":\"https:\\\/\\\/www.panoston.ca\\\/fr\\\/produits\\\/#breadcrumb\"},\"inLanguage\":\"fr-FR\",\"potentialAction\":[{\"@type\":\"ReadAction\",\"target\":[\"https:\\\/\\\/www.panoston.ca\\\/fr\\\/produits\\\/\"]}]},{\"@type\":\"BreadcrumbList\",\"@id\":\"https:\\\/\\\/www.panoston.ca\\\/fr\\\/produits\\\/#breadcrumb\",\"itemListElement\":[{\"@type\":\"ListItem\",\"position\":1,\"name\":\"Home\",\"item\":\"https:\\\/\\\/www.panoston.ca\\\/fr\\\/\"},{\"@type\":\"ListItem\",\"position\":2,\"name\":\"Produits\"}]},{\"@type\":\"WebSite\",\"@id\":\"https:\\\/\\\/www.panoston.ca\\\/fr\\\/#website\",\"url\":\"https:\\\/\\\/www.panoston.ca\\\/fr\\\/\",\"name\":\"Pan-Oston Ltd\",\"description\":\"\",\"potentialAction\":[{\"@type\":\"SearchAction\",\"target\":{\"@type\":\"EntryPoint\",\"urlTemplate\":\"https:\\\/\\\/www.panoston.ca\\\/fr\\\/?s={search_term_string}\"},\"query-input\":{\"@type\":\"PropertyValueSpecification\",\"valueRequired\":true,\"valueName\":\"search_term_string\"}}],\"inLanguage\":\"fr-FR\"}]}<\/script>\n<!-- \/ Yoast SEO plugin. -->","yoast_head_json":{"title":"Produits - Pan-Oston Ltd","robots":{"index":"index","follow":"follow","max-snippet":"max-snippet:-1","max-image-preview":"max-image-preview:large","max-video-preview":"max-video-preview:-1"},"canonical":"https:\/\/www.panoston.ca\/fr\/produits\/","og_locale":"fr_FR","og_type":"article","og_title":"Produits - Pan-Oston Ltd","og_description":"Produits Pan-Oston a d\u00e9velopp\u00e9 et con\u00e7u une large gamme d'agencements sur mesure et standard pour un large \u00e9ventail d'entreprises aux besoins vari\u00e9s. Cela comprend des applications pour les espaces de vente au d\u00e9tail de produits pour la maison, la quincaillerie, les supermarch\u00e9s, les pharmacies, l'automobile, les marchandises g\u00e9n\u00e9rales et l'\u00e9lectronique. Nos solutions d'agencement r\u00e9pondent \u00e0 [&hellip;]","og_url":"https:\/\/www.panoston.ca\/fr\/produits\/","og_site_name":"Pan-Oston Ltd","article_modified_time":"2025-08-24T12:12:44+00:00","twitter_card":"summary_large_image","schema":{"@context":"https:\/\/schema.org","@graph":[{"@type":"WebPage","@id":"https:\/\/www.panoston.ca\/fr\/produits\/","url":"https:\/\/www.panoston.ca\/fr\/produits\/","name":"Produits - Pan-Oston Ltd","isPartOf":{"@id":"https:\/\/www.panoston.ca\/fr\/#website"},"datePublished":"2021-09-09T19:40:54+00:00","dateModified":"2025-08-24T12:12:44+00:00","breadcrumb":{"@id":"https:\/\/www.panoston.ca\/fr\/produits\/#breadcrumb"},"inLanguage":"fr-FR","potentialAction":[{"@type":"ReadAction","target":["https:\/\/www.panoston.ca\/fr\/produits\/"]}]},{"@type":"BreadcrumbList","@id":"https:\/\/www.panoston.ca\/fr\/produits\/#breadcrumb","itemListElement":[{"@type":"ListItem","position":1,"name":"Home","item":"https:\/\/www.panoston.ca\/fr\/"},{"@type":"ListItem","position":2,"name":"Produits"}]},{"@type":"WebSite","@id":"https:\/\/www.panoston.ca\/fr\/#website","url":"https:\/\/www.panoston.ca\/fr\/","name":"Pan-Oston Ltd","description":"","potentialAction":[{"@type":"SearchAction","target":{"@type":"EntryPoint","urlTemplate":"https:\/\/www.panoston.ca\/fr\/?s={search_term_string}"},"query-input":{"@type":"PropertyValueSpecification","valueRequired":true,"valueName":"search_term_string"}}],"inLanguage":"fr-FR"}]}},"_links":{"self":[{"href":"https:\/\/www.panoston.ca\/fr\/wp-json\/wp\/v2\/pages\/1448","targetHints":{"allow":["GET"]}}],"collection":[{"href":"https:\/\/www.panoston.ca\/fr\/wp-json\/wp\/v2\/pages"}],"about":[{"href":"https:\/\/www.panoston.ca\/fr\/wp-json\/wp\/v2\/types\/page"}],"author":[{"embeddable":true,"href":"https:\/\/www.panoston.ca\/fr\/wp-json\/wp\/v2\/users\/1"}],"replies":[{"embeddable":true,"href":"https:\/\/www.panoston.ca\/fr\/wp-json\/wp\/v2\/comments?post=1448"}],"version-history":[{"count":1,"href":"https:\/\/www.panoston.ca\/fr\/wp-json\/wp\/v2\/pages\/1448\/revisions"}],"predecessor-version":[{"id":1457,"href":"https:\/\/www.panoston.ca\/fr\/wp-json\/wp\/v2\/pages\/1448\/revisions\/1457"}],"wp:attachment":[{"href":"https:\/\/www.panoston.ca\/fr\/wp-json\/wp\/v2\/media?parent=1448"}],"curies":[{"name":"wp","href":"https:\/\/api.w.org\/{rel}","templated":true}]}}