{"id":1486,"date":"2025-08-23T00:04:27","date_gmt":"2025-08-23T04:04:27","guid":{"rendered":"https:\/\/panoston.ideasconnected.com\/scanner-et-emballer\/"},"modified":"2025-08-24T08:36:09","modified_gmt":"2025-08-24T12:36:09","slug":"scanner-et-emballer","status":"publish","type":"page","link":"https:\/\/www.panoston.ca\/fr\/produits\/caisses\/scanner-et-emballer\/","title":{"rendered":"Scanner et emballer"},"content":{"rendered":"<div id=\"pl-1486\"  class=\"panel-layout\" ><div id=\"pg-1486-0\"  class=\"panel-grid panel-has-style\" ><div class=\"siteorigin-panels-stretch panel-row-style panel-row-style-for-1486-0\" data-stretch-type=\"full\" ><div id=\"pgc-1486-0-0\"  class=\"panel-grid-cell\" ><div class=\"panel-cell-style panel-cell-style-for-1486-0-0\" ><div id=\"panel-1486-0-0-0\" class=\"so-panel widget widget_sow-editor panel-first-child panel-last-child\" data-index=\"0\" ><div\n\t\t\t\n\t\t\tclass=\"so-widget-sow-editor so-widget-sow-editor-base\"\n\t\t\t\n\t\t>\n<div class=\"siteorigin-widget-tinymce textwidget\">\n\t\n<h1>Scanner et emballer<\/h1>\n<\/div>\n<\/div><\/div><\/div><\/div><\/div><\/div><div id=\"pg-1486-1\"  class=\"panel-grid panel-no-style\" ><div id=\"pgc-1486-1-0\"  class=\"panel-grid-cell\" >\n\t\t\t\t\t\t<div id=\"breadcrumbsWrapper\"><p id=\"breadcrumbs\"><span><span><a href=\"https:\/\/www.panoston.ca\/fr\/\">Home<\/a><\/span><\/span><\/div>\n\t\t\t\t\t\t<div id=\"panel-1486-1-0-0\" class=\"widget_text so-panel widget widget_custom_html panel-first-child panel-last-child\" data-index=\"1\" ><div class=\"textwidget custom-html-widget\"><\/div><\/div><\/div><\/div><div id=\"pg-1486-2\"  class=\"panel-grid panel-no-style\" ><div id=\"pgc-1486-2-0\"  class=\"panel-grid-cell\" ><div id=\"panel-1486-2-0-0\" class=\"so-panel widget widget_sow-editor panel-first-child panel-last-child\" data-index=\"2\" ><div\n\t\t\t\n\t\t\tclass=\"so-widget-sow-editor so-widget-sow-editor-base\"\n\t\t\t\n\t\t>\n<div class=\"siteorigin-widget-tinymce textwidget\">\n\t<h2>Caract\u00e9ristiques<\/h2>\n<p>Op\u00e9ration de scan et emballage pour l'ensachage par le caissier<\/p>\n<h2>Convoyeurs avant disponibles en longueurs de 5', 6', 7' ou 8'<\/h2>\n<ul>\n<li>Kit de support complet scanner\/balance avec bande anti-pincement<\/li>\n<li>Cellules photo\u00e9lectriques pour fonctionnement automatique du tapis<\/li>\n<li>Interrupteur marche\/arr\u00eat du tapis<\/li>\n<li>Barres de s\u00e9paration de commandes et rail<\/li>\n<li>Coussin de hanche<\/li>\n<li>Paroi lat\u00e9rale abaiss\u00e9e<\/li>\n<li>Paroi lat\u00e9rale pr\u00e9-perfor\u00e9e pour acc\u00e8s des c\u00e2bles<\/li>\n<li>Une rang\u00e9e de pare-chocs de chariot<\/li>\n<\/ul>\n<h2>Options de pi\u00e9destal de poste de caisse<\/h2>\n<ul>\n<li>Tiroir utilitaire verrouillable<\/li>\n<li>\u00c9tag\u00e8re r\u00e9glable<\/li>\n<li>Habillage de poste de caisse m\u00e9tallique 2 faces<\/li>\n<li>Habillage de poste de caisse acrylique 1 face<\/li>\n<li>\u00c9tag\u00e8re coulissante<\/li>\n<li>Porte verrouillable<\/li>\n<li>Package \u00e9lectrique<\/li>\n<li>Panneau miroir<\/li>\n<\/ul>\n<h2>Armoire d'ensachage arri\u00e8re de 48\" de large<\/h2>\n<ul>\n<li>Surface en acier inoxydable<\/li>\n<li>Support de sacs pour sacs \u00e0 usage unique ou r\u00e9utilisables<\/li>\n<li>Zone d'ensachage de 32\" de profondeur<\/li>\n<li>Ample rangement sous l'armoire d'ensachage<\/li>\n<li>Une rang\u00e9e de pare-chocs de chariot<\/li>\n<li>OPTIONNEL Goulotte\/Couvercle pour le puits de sac pour conversion en op\u00e9ration Scan &amp; Pass<\/li>\n<\/ul>\n<h2>Ce qui n'est pas inclus<\/h2>\n<p>Syst\u00e8me PDV - CPU, moniteur, scanner, claviers et p\u00e9riph\u00e9riques<\/p>\n<p>Demandez-nous des recommandations pour un fournisseur de PDV<\/p>\n<h2>Exp\u00e9dition<\/h2>\n<p>FOB - pan oston ltd Peterborough ON<\/p>\n<p>Le service de livraison emball\u00e9e sous couverture est notre offre standard. Avec ce service, nous pouvons livrer et placer les caisses \u00e0 l'int\u00e9rieur du magasin sans avoir besoin d'un quai de chargement. <\/p>\n<p>Le service de transport partiel (LTL) est \u00e9galement disponible pour les clients qui disposent de quais de chargement \u00e0 hauteur de camion.<\/p>\n<h2>Installation<\/h2>\n<p><strong>Ce qu'il faut faire pour pr\u00e9parer votre livraison\/installation<\/strong><\/p>\n<p>Assurez-vous que votre quai ou porte de livraison soit d\u00e9gag\u00e9 pour vos nouvelles caisses<\/p>\n<p>Veillez \u00e0 ce qu'il y ait un chemin d\u00e9gag\u00e9 vers l'emplacement des caisses<\/p>\n<p>La zone des caisses doit \u00eatre propre et exempte de tout d\u00e9bris<\/p>\n<p>Pr\u00e9parez les lignes d'alimentation et de donn\u00e9es pour qu'elles remontent sous la caisse ou descendent du plafond<\/p>\n<p><strong>Ce que nous faisons pour la r\u00e9paration, la garantie et le service<\/strong><\/p>\n<p>Le r\u00e9seau de service national de Pan Oston peut installer, r\u00e9parer et entretenir les caisses d'un oc\u00e9an \u00e0 l'autre.<\/p>\n<p>La garantie est automatiquement \u00e9tendue \u00e0 deux ans lorsque l'installation est effectu\u00e9e par un technicien de service agr\u00e9\u00e9 par l'usine Pan Oston<\/p>\n<p><a href=\"\/wp-content\/uploads\/2022\/04\/Warranty_April_2022_Update.pdf\" target=\"_blank\" rel=\"noopener\">Consulter les informations de garantie<\/a><\/p>\n<h2>Conditions<\/h2>\n<p>FOB pan oston ltd. 660 Neal dr., Peterborough ON<\/p>\n<p>Paiement : 50 % d'acompte, solde d\u00fb avant exp\u00e9dition<\/p>\n<p>Nous acceptons les virements \u00e9lectroniques, les virements Interac, les cartes de cr\u00e9dit et les ch\u00e8ques<\/p>\n<\/div>\n<\/div><\/div><\/div><\/div><div id=\"pg-1486-3\"  class=\"panel-grid panel-no-style\" ><div id=\"pgc-1486-3-0\"  class=\"panel-grid-cell\" ><div id=\"panel-1486-3-0-0\" class=\"so-panel widget panel-first-child panel-last-child\" data-index=\"3\" ><\/div><\/div><\/div><div id=\"pg-1486-4\"  class=\"panel-grid panel-has-style\" ><div class=\"siteorigin-panels-stretch panel-row-style panel-row-style-for-1486-4\" data-stretch-type=\"full\" ><div id=\"pgc-1486-4-0\"  class=\"panel-grid-cell\" ><div id=\"panel-1486-4-0-0\" class=\"so-panel widget widget_sow-editor panel-first-child panel-last-child\" data-index=\"4\" ><div\n\t\t\t\n\t\t\tclass=\"so-widget-sow-editor so-widget-sow-editor-base\"\n\t\t\t\n\t\t>\n<div class=\"siteorigin-widget-tinymce textwidget\">\n\t<h2>Nous contacter<\/h2>\n<p>660 Neal Drive Peterborough, Ontario K9J 6X7 Canada<\/p>\n<p><span class=\"smallText\">COURRIEL<\/span> <a class=\"blueText largeLink\" href=\"mailto:info@panoston.ca\"><strong>info@panoston.ca<\/strong><\/a> <span class=\"smallText\">SANS FRAIS<\/span> <a class=\"blueText largeLink\" href=\"tel:+18005639182\"><strong>1.800.563.9182<\/strong><\/a> <span class=\"smallText\">T\u00c9L\u00c9PHONE<\/span> <a class=\"blueText largeLink\" href=\"tel:+17057484811\"><strong>705.748.4811<\/strong><\/a><\/p>\n<\/div>\n<\/div><\/div><\/div><div id=\"pgc-1486-4-1\"  class=\"panel-grid-cell\" ><div id=\"panel-1486-4-1-0\" class=\"widget_text so-panel widget widget_custom_html panel-first-child panel-last-child\" data-index=\"5\" ><div class=\"widget_text contactForm panel-widget-style panel-widget-style-for-1486-4-1-0\" ><div class=\"textwidget custom-html-widget\"><form class=\"af-form acf-form\" method=\"POST\" action=\"https:\/\/www.panoston.ca\/fr\/wp-json\/wp\/v2\/pages\/1486\" id=\"form_6143ae2b2d905\" data-key=\"form_6143ae2b2d905\" data-ajax=\"1\" data-recaptcha-site-key=\"\"><div class=\"af-fields acf-fields acf-form-fields -top\">\t<div id=\"acf-form-data\" class=\"acf-hidden\">\n\t\t<input type=\"hidden\" id=\"_acf_screen\" name=\"_acf_screen\" value=\"acf_form\"\/><input type=\"hidden\" id=\"_acf_post_id\" name=\"_acf_post_id\" value=\"0\"\/><input type=\"hidden\" id=\"_acf_validation\" name=\"_acf_validation\" value=\"1\"\/><input type=\"hidden\" id=\"_acf_form\" name=\"_acf_form\" value=\"0\"\/><input type=\"hidden\" id=\"_acf_nonce\" name=\"_acf_nonce\" value=\"5c2ec2aa14\"\/><input type=\"hidden\" id=\"_acf_changed\" name=\"_acf_changed\" value=\"0\"\/><input type=\"hidden\" id=\"_acf_location[af_form]\" name=\"_acf_location[af_form]\" value=\"form_6143ae2b2d905\"\/>\t<\/div>\n\t<div class=\"acf-hidden\"><input type=\"hidden\" name=\"_acfnonce\" value=\"1af3f283ff\"><input type=\"hidden\" name=\"nonce\" value=\"1af3f283ff\"><input type=\"hidden\" name=\"af_form\" value=\"form_6143ae2b2d905\"><input type=\"hidden\" name=\"af_form_args\" value=\"eyJhamF4IjoiMSIsImRpc3BsYXlfdGl0bGUiOmZhbHNlLCJkaXNwbGF5X2Rlc2NyaXB0aW9uIjpmYWxzZSwiaWQiOiJmb3JtXzYxNDNhZTJiMmQ5MDUiLCJ2YWx1ZXMiOltdLCJzdWJtaXRfdGV4dCI6IlNlbmQiLCJyZWRpcmVjdCI6bnVsbCwidGFyZ2V0IjoiaHR0cHM6XC9cL3d3dy5wYW5vc3Rvbi5jYVwvZnJcL3dwLWpzb25cL3dwXC92MlwvcGFnZXNcLzE0ODYiLCJlY2hvIjp0cnVlLCJleGNsdWRlX2ZpZWxkcyI6W10sInVwbG9hZGVyIjoid3AiLCJmaWx0ZXJfbW9kZSI6ZmFsc2UsImxhYmVsX3BsYWNlbWVudCI6InRvcCIsImluc3RydWN0aW9uX3BsYWNlbWVudCI6ImxhYmVsIiwiaG9uZXlwb3QiOnRydWV9\"><input type=\"hidden\" name=\"_acf_form\" value=\"eyJhamF4IjoiMSIsImRpc3BsYXlfdGl0bGUiOmZhbHNlLCJkaXNwbGF5X2Rlc2NyaXB0aW9uIjpmYWxzZSwiaWQiOiJmb3JtXzYxNDNhZTJiMmQ5MDUiLCJ2YWx1ZXMiOltdLCJzdWJtaXRfdGV4dCI6IlNlbmQiLCJyZWRpcmVjdCI6bnVsbCwidGFyZ2V0IjoiaHR0cHM6XC9cL3d3dy5wYW5vc3Rvbi5jYVwvZnJcL3dwLWpzb25cL3dwXC92MlwvcGFnZXNcLzE0ODYiLCJlY2hvIjp0cnVlLCJleGNsdWRlX2ZpZWxkcyI6W10sInVwbG9hZGVyIjoid3AiLCJmaWx0ZXJfbW9kZSI6ZmFsc2UsImxhYmVsX3BsYWNlbWVudCI6InRvcCIsImluc3RydWN0aW9uX3BsYWNlbWVudCI6ImxhYmVsIiwiaG9uZXlwb3QiOnRydWV9\"><input type=\"hidden\" name=\"af_form_nonce\" value=\"9f2f6feaa4\"><label for=\"af_email_for_non_humans_form_6143ae2b2d905\" aria-hidden=\"true\">Email for non-humans<\/label><input type=\"text\" name=\"email_for_non_humans\" id=\"af_email_for_non_humans_form_6143ae2b2d905\" tabindex=\"-1\" autocomplete=\"off\" \/><input type=\"hidden\" name=\"af_origin_url\" value=\"https:\/\/www.panoston.ca\/fr\/wp-json\/wp\/v2\/pages\/1486\" \/><\/div><div class=\"halfWidthLeft af-field af-field-type-text af-field-first-name acf-field acf-field-text acf-field-6143ae7bc28c9 af-field-required\" data-name=\"first_name\" data-key=\"field_6143ae7bc28c9\" data-type=\"text\"><div class=\"af-label acf-label\"><label for=\"acf-field_6143ae7bc28c9\">First Name <span class=\"acf-required\">*<\/span><\/label><\/div><div class=\"af-input acf-input\"><div class=\"acf-input-wrap\"><input type=\"text\" id=\"acf-field_6143ae7bc28c9\" name=\"acf[field_6143ae7bc28c9]\" placeholder=\"First Name\" required=\"required\"\/><\/div><\/div><\/div><div class=\"halfWidthRight af-field af-field-type-text af-field-last-name acf-field acf-field-text acf-field-6143ae88c28ca af-field-required\" data-name=\"last_name\" data-key=\"field_6143ae88c28ca\" data-type=\"text\"><div class=\"af-label acf-label\"><label for=\"acf-field_6143ae88c28ca\">Last Name <span class=\"acf-required\">*<\/span><\/label><\/div><div class=\"af-input acf-input\"><div class=\"acf-input-wrap\"><input type=\"text\" id=\"acf-field_6143ae88c28ca\" name=\"acf[field_6143ae88c28ca]\" placeholder=\"Last Name\" required=\"required\"\/><\/div><\/div><\/div><div class=\"af-field af-field-type-email af-field-email acf-field acf-field-email acf-field-6143ae95c28cb af-field-required\" data-name=\"email\" data-key=\"field_6143ae95c28cb\" data-type=\"email\"><div class=\"af-label acf-label\"><label for=\"acf-field_6143ae95c28cb\">Email <span class=\"acf-required\">*<\/span><\/label><\/div><div class=\"af-input acf-input\"><div class=\"acf-input-wrap\"><input type=\"email\" id=\"acf-field_6143ae95c28cb\" name=\"acf[field_6143ae95c28cb]\" placeholder=\"Email\" required=\"required\"\/><\/div><\/div><\/div><div class=\"af-field af-field-type-text af-field-phone-number acf-field acf-field-text acf-field-65b28965123ae\" data-name=\"phone_number\" data-key=\"field_65b28965123ae\" data-type=\"text\"><div class=\"af-label acf-label\"><label for=\"acf-field_65b28965123ae\">Phone Number<\/label><\/div><div class=\"af-input acf-input\"><div class=\"acf-input-wrap\"><input type=\"text\" id=\"acf-field_65b28965123ae\" name=\"acf[field_65b28965123ae]\" placeholder=\"Phone Number\"\/><\/div><\/div><\/div><div class=\"af-field af-field-type-textarea af-field-message acf-field acf-field-textarea acf-field-6143aea1c28cc af-field-required\" data-name=\"message\" data-key=\"field_6143aea1c28cc\" data-type=\"textarea\"><div class=\"af-label acf-label\"><label for=\"acf-field_6143aea1c28cc\">Message <span class=\"acf-required\">*<\/span><\/label><\/div><div class=\"af-input acf-input\"><textarea id=\"acf-field_6143aea1c28cc\" name=\"acf[field_6143aea1c28cc]\" placeholder=\"Message\" rows=\"8\" required=\"required\"><\/textarea><\/div><\/div><div class=\"af-submit acf-form-submit\"><button type=\"submit\" class=\"acf-button af-submit-button\">Send<\/button><span class=\"acf-spinner af-spinner\"><\/span><\/div><\/div><\/form><\/div><\/div><\/div><\/div><\/div><\/div><\/div>","protected":false},"excerpt":{"rendered":"<p>&nbsp;Scanner et emballer<\/p>\n","protected":false},"author":1,"featured_media":0,"parent":1548,"menu_order":30,"comment_status":"closed","ping_status":"closed","template":"","meta":{"_acf_changed":false,"footnotes":""},"class_list":["post-1486","page","type-page","status-publish","hentry"],"acf":[],"yoast_head":"<!-- This site is optimized with the Yoast SEO plugin v27.5 - https:\/\/yoast.com\/product\/yoast-seo-wordpress\/ -->\n<title>Scanner et emballer - Pan-Oston Ltd<\/title>\n<meta name=\"robots\" content=\"index, follow, max-snippet:-1, max-image-preview:large, max-video-preview:-1\" \/>\n<link rel=\"canonical\" href=\"https:\/\/www.panoston.ca\/fr\/produits\/caisses\/scanner-et-emballer\/\" \/>\n<meta property=\"og:locale\" content=\"fr_FR\" \/>\n<meta property=\"og:type\" content=\"article\" \/>\n<meta property=\"og:title\" content=\"Scanner et emballer - Pan-Oston Ltd\" \/>\n<meta property=\"og:description\" content=\"&nbsp;Scanner et emballer\" \/>\n<meta property=\"og:url\" content=\"https:\/\/www.panoston.ca\/fr\/produits\/caisses\/scanner-et-emballer\/\" \/>\n<meta property=\"og:site_name\" content=\"Pan-Oston Ltd\" \/>\n<meta property=\"article:modified_time\" content=\"2025-08-24T12:36:09+00:00\" \/>\n<meta name=\"twitter:card\" content=\"summary_large_image\" \/>\n<script type=\"application\/ld+json\" class=\"yoast-schema-graph\">{\"@context\":\"https:\\\/\\\/schema.org\",\"@graph\":[{\"@type\":\"WebPage\",\"@id\":\"https:\\\/\\\/www.panoston.ca\\\/fr\\\/produits\\\/caisses\\\/scanner-et-emballer\\\/\",\"url\":\"https:\\\/\\\/www.panoston.ca\\\/fr\\\/produits\\\/caisses\\\/scanner-et-emballer\\\/\",\"name\":\"Scanner et emballer - Pan-Oston Ltd\",\"isPartOf\":{\"@id\":\"https:\\\/\\\/www.panoston.ca\\\/fr\\\/#website\"},\"datePublished\":\"2025-08-23T04:04:27+00:00\",\"dateModified\":\"2025-08-24T12:36:09+00:00\",\"breadcrumb\":{\"@id\":\"https:\\\/\\\/www.panoston.ca\\\/fr\\\/produits\\\/caisses\\\/scanner-et-emballer\\\/#breadcrumb\"},\"inLanguage\":\"fr-FR\",\"potentialAction\":[{\"@type\":\"ReadAction\",\"target\":[\"https:\\\/\\\/www.panoston.ca\\\/fr\\\/produits\\\/caisses\\\/scanner-et-emballer\\\/\"]}]},{\"@type\":\"BreadcrumbList\",\"@id\":\"https:\\\/\\\/www.panoston.ca\\\/fr\\\/produits\\\/caisses\\\/scanner-et-emballer\\\/#breadcrumb\",\"itemListElement\":[{\"@type\":\"ListItem\",\"position\":1,\"name\":\"Home\",\"item\":\"https:\\\/\\\/www.panoston.ca\\\/fr\\\/\"},{\"@type\":\"ListItem\",\"position\":2,\"name\":\"Produits\",\"item\":\"https:\\\/\\\/www.panoston.ca\\\/fr\\\/produits\\\/\"},{\"@type\":\"ListItem\",\"position\":3,\"name\":\"Caisses\",\"item\":\"https:\\\/\\\/www.panoston.ca\\\/fr\\\/produits\\\/caisses\\\/\"},{\"@type\":\"ListItem\",\"position\":4,\"name\":\"Scanner et emballer\"}]},{\"@type\":\"WebSite\",\"@id\":\"https:\\\/\\\/www.panoston.ca\\\/fr\\\/#website\",\"url\":\"https:\\\/\\\/www.panoston.ca\\\/fr\\\/\",\"name\":\"Pan-Oston Ltd\",\"description\":\"\",\"potentialAction\":[{\"@type\":\"SearchAction\",\"target\":{\"@type\":\"EntryPoint\",\"urlTemplate\":\"https:\\\/\\\/www.panoston.ca\\\/fr\\\/?s={search_term_string}\"},\"query-input\":{\"@type\":\"PropertyValueSpecification\",\"valueRequired\":true,\"valueName\":\"search_term_string\"}}],\"inLanguage\":\"fr-FR\"}]}<\/script>\n<!-- \/ Yoast SEO plugin. -->","yoast_head_json":{"title":"Scanner et emballer - Pan-Oston Ltd","robots":{"index":"index","follow":"follow","max-snippet":"max-snippet:-1","max-image-preview":"max-image-preview:large","max-video-preview":"max-video-preview:-1"},"canonical":"https:\/\/www.panoston.ca\/fr\/produits\/caisses\/scanner-et-emballer\/","og_locale":"fr_FR","og_type":"article","og_title":"Scanner et emballer - Pan-Oston Ltd","og_description":"&nbsp;Scanner et emballer","og_url":"https:\/\/www.panoston.ca\/fr\/produits\/caisses\/scanner-et-emballer\/","og_site_name":"Pan-Oston Ltd","article_modified_time":"2025-08-24T12:36:09+00:00","twitter_card":"summary_large_image","schema":{"@context":"https:\/\/schema.org","@graph":[{"@type":"WebPage","@id":"https:\/\/www.panoston.ca\/fr\/produits\/caisses\/scanner-et-emballer\/","url":"https:\/\/www.panoston.ca\/fr\/produits\/caisses\/scanner-et-emballer\/","name":"Scanner et emballer - Pan-Oston Ltd","isPartOf":{"@id":"https:\/\/www.panoston.ca\/fr\/#website"},"datePublished":"2025-08-23T04:04:27+00:00","dateModified":"2025-08-24T12:36:09+00:00","breadcrumb":{"@id":"https:\/\/www.panoston.ca\/fr\/produits\/caisses\/scanner-et-emballer\/#breadcrumb"},"inLanguage":"fr-FR","potentialAction":[{"@type":"ReadAction","target":["https:\/\/www.panoston.ca\/fr\/produits\/caisses\/scanner-et-emballer\/"]}]},{"@type":"BreadcrumbList","@id":"https:\/\/www.panoston.ca\/fr\/produits\/caisses\/scanner-et-emballer\/#breadcrumb","itemListElement":[{"@type":"ListItem","position":1,"name":"Home","item":"https:\/\/www.panoston.ca\/fr\/"},{"@type":"ListItem","position":2,"name":"Produits","item":"https:\/\/www.panoston.ca\/fr\/produits\/"},{"@type":"ListItem","position":3,"name":"Caisses","item":"https:\/\/www.panoston.ca\/fr\/produits\/caisses\/"},{"@type":"ListItem","position":4,"name":"Scanner et emballer"}]},{"@type":"WebSite","@id":"https:\/\/www.panoston.ca\/fr\/#website","url":"https:\/\/www.panoston.ca\/fr\/","name":"Pan-Oston Ltd","description":"","potentialAction":[{"@type":"SearchAction","target":{"@type":"EntryPoint","urlTemplate":"https:\/\/www.panoston.ca\/fr\/?s={search_term_string}"},"query-input":{"@type":"PropertyValueSpecification","valueRequired":true,"valueName":"search_term_string"}}],"inLanguage":"fr-FR"}]}},"_links":{"self":[{"href":"https:\/\/www.panoston.ca\/fr\/wp-json\/wp\/v2\/pages\/1486","targetHints":{"allow":["GET"]}}],"collection":[{"href":"https:\/\/www.panoston.ca\/fr\/wp-json\/wp\/v2\/pages"}],"about":[{"href":"https:\/\/www.panoston.ca\/fr\/wp-json\/wp\/v2\/types\/page"}],"author":[{"embeddable":true,"href":"https:\/\/www.panoston.ca\/fr\/wp-json\/wp\/v2\/users\/1"}],"replies":[{"embeddable":true,"href":"https:\/\/www.panoston.ca\/fr\/wp-json\/wp\/v2\/comments?post=1486"}],"version-history":[{"count":1,"href":"https:\/\/www.panoston.ca\/fr\/wp-json\/wp\/v2\/pages\/1486\/revisions"}],"predecessor-version":[{"id":1558,"href":"https:\/\/www.panoston.ca\/fr\/wp-json\/wp\/v2\/pages\/1486\/revisions\/1558"}],"up":[{"embeddable":true,"href":"https:\/\/www.panoston.ca\/fr\/wp-json\/wp\/v2\/pages\/1548"}],"wp:attachment":[{"href":"https:\/\/www.panoston.ca\/fr\/wp-json\/wp\/v2\/media?parent=1486"}],"curies":[{"name":"wp","href":"https:\/\/api.w.org\/{rel}","templated":true}]}}