{"id":1529,"date":"2021-09-24T14:31:49","date_gmt":"2021-09-24T18:31:49","guid":{"rendered":"https:\/\/panoston.ideasconnected.com\/fabrication-a-facon\/"},"modified":"2021-09-24T14:31:49","modified_gmt":"2021-09-24T18:31:49","slug":"fabrication-a-facon","status":"publish","type":"page","link":"https:\/\/www.panoston.ca\/fr\/fabrication-a-facon\/","title":{"rendered":"Fabrication \u00e0 fa\u00e7on"},"content":{"rendered":"<div id=\"pl-1529\"  class=\"panel-layout\" ><div id=\"pg-1529-0\"  class=\"panel-grid panel-has-style\" ><div class=\"siteorigin-panels-stretch panel-row-style panel-row-style-for-1529-0\" data-stretch-type=\"full\" ><div id=\"pgc-1529-0-0\"  class=\"panel-grid-cell\" ><div class=\"panel-cell-style panel-cell-style-for-1529-0-0\" ><div id=\"panel-1529-0-0-0\" class=\"so-panel widget widget_sow-editor panel-first-child panel-last-child\" data-index=\"0\" ><div\n\t\t\t\n\t\t\tclass=\"so-widget-sow-editor so-widget-sow-editor-base\"\n\t\t\t\n\t\t>\n<div class=\"siteorigin-widget-tinymce textwidget\">\n\t<h1>Pan-Oston a \u00e9lev\u00e9<br \/>\n<strong class=\"blueText\">la fabrication \u00e0 fa\u00e7on<\/strong><br \/>\n\u00e0 un niveau totalement in\u00e9dit<\/h1>\n<\/div>\n<\/div><\/div><\/div><\/div><div id=\"pgc-1529-0-1\"  class=\"panel-grid-cell\" ><div id=\"panel-1529-0-1-0\" class=\"so-panel widget widget_sow-image panel-first-child panel-last-child\" data-index=\"1\" ><div\n\t\t\t\n\t\t\tclass=\"so-widget-sow-image so-widget-sow-image-default-8b5b6f678277-1529\"\n\t\t\t\n\t\t>\n<div class=\"sow-image-container\">\n\t\t<img \n\tsrc=\"https:\/\/www.panoston.ca\/wp-content\/uploads\/2021\/10\/banner-contract-manufacturing.jpg\" width=\"670\" height=\"665\" srcset=\"https:\/\/www.panoston.ca\/wp-content\/uploads\/2021\/10\/banner-contract-manufacturing.jpg 670w, https:\/\/www.panoston.ca\/wp-content\/uploads\/2021\/10\/banner-contract-manufacturing-100x100.jpg 100w, https:\/\/www.panoston.ca\/wp-content\/uploads\/2021\/10\/banner-contract-manufacturing-600x596.jpg 600w, https:\/\/www.panoston.ca\/wp-content\/uploads\/2021\/10\/banner-contract-manufacturing-300x298.jpg 300w, https:\/\/www.panoston.ca\/wp-content\/uploads\/2021\/10\/banner-contract-manufacturing-150x150.jpg 150w, https:\/\/www.panoston.ca\/wp-content\/uploads\/2021\/10\/banner-contract-manufacturing-500x496.jpg 500w, https:\/\/www.panoston.ca\/wp-content\/uploads\/2021\/10\/banner-contract-manufacturing-202x200.jpg 202w\" sizes=\"(max-width: 670px) 100vw, 670px\" alt=\"\" \t\tclass=\"so-widget-image\"\/>\n\t<\/div>\n\n<\/div><\/div><\/div><\/div><\/div><div id=\"pg-1529-1\"  class=\"panel-grid panel-no-style\" ><div id=\"pgc-1529-1-0\"  class=\"panel-grid-cell\" ><div id=\"panel-1529-1-0-0\" class=\"so-panel widget widget_sow-editor panel-first-child\" data-index=\"2\" ><div\n\t\t\t\n\t\t\tclass=\"so-widget-sow-editor so-widget-sow-editor-base\"\n\t\t\t\n\t\t>\n<div class=\"siteorigin-widget-tinymce textwidget\">\n\t<h3 style=\"text-align: center;\">Notre fabrication \u00e0 fa\u00e7on prend de nombreuses formes<\/h3>\n<p style=\"text-align: center;\">Nous concevons et produisons des produits en marque blanche par le biais de partenariats avec des tiers<br \/>pour les produits de d\u00e9tail et de consommation<\/p>\n<\/div>\n<\/div><\/div><div id=\"panel-1529-1-0-1\" class=\"so-panel widget widget_siteorigin-panels-builder panel-last-child\" data-index=\"3\" ><div id=\"pl-w614e1e02a70be\"  class=\"panel-layout\" ><div id=\"pg-w614e1e02a70be-0\"  class=\"panel-grid panel-no-style\" ><div id=\"pgc-w614e1e02a70be-0-0\"  class=\"panel-grid-cell\" ><div id=\"panel-w614e1e02a70be-0-0-0\" class=\"so-panel widget widget_wd-highlighted-block-widget panel-first-child panel-last-child\" data-index=\"0\" ><div\n\t\t\t\n\t\t\tclass=\"so-widget-wd-highlighted-block-widget so-widget-wd-highlighted-block-widget-dynamic_styles-2a774827b2f7\"\n\t\t\t\n\t\t><div class=\"wd-highlighed-text-block-wrapper wd-highlighed-text-block-align-center\"><div class=\"wd-highlighed-text-block wd-highlighed-text-block-size-medium\">DESIGN<\/div><\/div><\/div><\/div><\/div><div id=\"pgc-w614e1e02a70be-0-1\"  class=\"panel-grid-cell\" ><div id=\"panel-w614e1e02a70be-0-1-0\" class=\"so-panel widget widget_wd-highlighted-block-widget panel-first-child panel-last-child\" data-index=\"1\" ><div\n\t\t\t\n\t\t\tclass=\"so-widget-wd-highlighted-block-widget so-widget-wd-highlighted-block-widget-dynamic_styles-2a774827b2f7\"\n\t\t\t\n\t\t><div class=\"wd-highlighed-text-block-wrapper wd-highlighed-text-block-align-center\"><div class=\"wd-highlighed-text-block wd-highlighed-text-block-size-medium\">ENGINEERING<\/div><\/div><\/div><\/div><\/div><div id=\"pgc-w614e1e02a70be-0-2\"  class=\"panel-grid-cell\" ><div id=\"panel-w614e1e02a70be-0-2-0\" class=\"so-panel widget widget_wd-highlighted-block-widget panel-first-child panel-last-child\" data-index=\"2\" ><div\n\t\t\t\n\t\t\tclass=\"so-widget-wd-highlighted-block-widget so-widget-wd-highlighted-block-widget-dynamic_styles-2a774827b2f7\"\n\t\t\t\n\t\t><div class=\"wd-highlighed-text-block-wrapper wd-highlighed-text-block-align-center\"><div class=\"wd-highlighed-text-block wd-highlighed-text-block-size-medium\">PLANNING<\/div><\/div><\/div><\/div><\/div><div id=\"pgc-w614e1e02a70be-0-3\"  class=\"panel-grid-cell\" ><div id=\"panel-w614e1e02a70be-0-3-0\" class=\"so-panel widget widget_wd-highlighted-block-widget panel-first-child panel-last-child\" data-index=\"3\" ><div\n\t\t\t\n\t\t\tclass=\"so-widget-wd-highlighted-block-widget so-widget-wd-highlighted-block-widget-dynamic_styles-2a774827b2f7\"\n\t\t\t\n\t\t><div class=\"wd-highlighed-text-block-wrapper wd-highlighed-text-block-align-center\"><div class=\"wd-highlighed-text-block wd-highlighed-text-block-size-medium\">FULFILLMENT<\/div><\/div><\/div><\/div><\/div><\/div><\/div><\/div><\/div><\/div><div id=\"pg-1529-2\"  class=\"panel-grid panel-has-style\" ><div class=\"siteorigin-panels-stretch panel-row-style panel-row-style-for-1529-2\" data-stretch-type=\"full\" ><div id=\"pgc-1529-2-0\"  class=\"panel-grid-cell\" ><div id=\"panel-1529-2-0-0\" class=\"so-panel widget widget_sow-editor panel-first-child\" data-index=\"4\" ><div class=\"extraNarrowBlock panel-widget-style panel-widget-style-for-1529-2-0-0\" ><div\n\t\t\t\n\t\t\tclass=\"so-widget-sow-editor so-widget-sow-editor-base\"\n\t\t\t\n\t\t>\n<div class=\"siteorigin-widget-tinymce textwidget\">\n\t<h2 style=\"text-align: center;\">DU <strong>CONCEPT<\/strong> \u00c0 LA <strong>R\u00c9ALISATION<\/strong><\/h2>\n<p style=\"text-align: center;\"><em>\u00ab Notre syst\u00e8me de production a \u00e9volu\u00e9 au fil des ans&nbsp;; il est simple, mais efficace et logique. Si vous avez une nouvelle id\u00e9e de produit et que vous souhaitez la commercialiser, nous vous invitons \u00e0 venir nous voir.&nbsp;\u00bb<\/em><\/p>\n<p style=\"text-align: center;\"><strong>Greg Butler<\/strong><br \/>Pr\u00e9sident<\/p>\n<\/div>\n<\/div><\/div><\/div><div id=\"panel-1529-2-0-1\" class=\"so-panel widget widget_sow-editor panel-last-child\" data-index=\"5\" ><div class=\"extraNarrowBlock panel-widget-style panel-widget-style-for-1529-2-0-1\" ><div\n\t\t\t\n\t\t\tclass=\"so-widget-sow-editor so-widget-sow-editor-base\"\n\t\t\t\n\t\t>\n<div class=\"siteorigin-widget-tinymce textwidget\">\n\t<ul>\n<li>Nous recommandons une visite de l\u2019usine, une r\u00e9union de d\u00e9couverte ou pouvons vous mettre en relation avec d\u2019autres clients.<\/li>\n<li>Lors d\u2019une visite de l\u2019usine, vous d\u00e9couvrirez un fabricant Juste-\u00e0-temps qui fonctionne bien et sans heurts.<\/li>\n<li>Notre gestion des produits tiers et du syst\u00e8me install\u00e9 dans notre usine de fabrication contr\u00f4l\u00e9e est un avantage av\u00e9r\u00e9.<\/li>\n<li>Nous savons combien il est important de poser les bonnes questions d\u00e8s le d\u00e9part pour \u00e9viter les probl\u00e8mes par la suite.<\/li>\n<li>Nous mettons tout en \u0153uvre pour respecter les d\u00e9lais et, dans la mesure du possible, pour r\u00e9duire les co\u00fbts.<\/li>\n<\/ul>\n<p style=\"text-align: center;\"><strong class=\"blueText\">Pan-Oston<\/strong> dispose d\u2019un syst\u00e8me \u00e9prouv\u00e9 qui a \u00e9volu\u00e9 au fil des ans. Nous avons constat\u00e9 que le fait de faire autant que possible dans une usine de fabrication contr\u00f4l\u00e9e avant la livraison <strong>permet d\u2019\u00e9conomiser du temps<\/strong> et <strong>de l\u2019argent<\/strong>. Laissez-nous vous le prouver&nbsp;!<\/p>\n<\/div>\n<\/div><\/div><\/div><\/div><\/div><\/div><div id=\"pg-1529-3\"  class=\"panel-grid panel-no-style\" ><div id=\"pgc-1529-3-0\"  class=\"panel-grid-cell\" ><div id=\"panel-1529-3-0-0\" class=\"so-panel widget panel-first-child panel-last-child\" data-index=\"6\" ><\/div><\/div><\/div><div id=\"pg-1529-4\"  class=\"panel-grid panel-has-style\" ><div class=\"siteorigin-panels-stretch panel-row-style panel-row-style-for-1529-4\" data-stretch-type=\"full\" ><div id=\"pgc-1529-4-0\"  class=\"panel-grid-cell\" ><div id=\"panel-1529-4-0-0\" class=\"so-panel widget widget_wd-button-widget panel-first-child panel-last-child\" data-index=\"7\" ><div\n\t\t\t\n\t\t\tclass=\"so-widget-wd-button-widget so-widget-wd-button-widget-dynamic_styles-3bfd45c2bff7-1529\"\n\t\t\t\n\t\t><div class=\"wd-widget-button-wrapper wd-button-align-center wd-button-style-solid wd-button-size-medium wd-button-has-content-false\"><div class=\"wd-widget-button\"><a href=\"https:\/\/www.panoston.ca\/wp-content\/uploads\/2021\/09\/Pan-Oston-Contract-Manufacturing-FL-WEB.pdf\" target=\"_blank\"><span class=\"wd-button-label\">View Our Contract Manufacturing Flyer<\/span><\/a><\/div><\/div><\/div><\/div><\/div><\/div><\/div><div id=\"pg-1529-5\"  class=\"panel-grid panel-has-style\" ><div class=\"siteorigin-panels-stretch panel-row-style panel-row-style-for-1529-5\" data-stretch-type=\"full-stretched\" ><div id=\"pgc-1529-5-0\"  class=\"panel-grid-cell\" ><div id=\"panel-1529-5-0-0\" class=\"so-panel widget widget_sow-image panel-first-child panel-last-child\" data-index=\"8\" ><div\n\t\t\t\n\t\t\tclass=\"so-widget-sow-image so-widget-sow-image-default-a258e6bfa2d8-1529\"\n\t\t\t\n\t\t>\n<div class=\"sow-image-container\">\n\t\t<img \n\tsrc=\"https:\/\/www.panoston.ca\/wp-content\/uploads\/2021\/09\/pan-oston-location.jpg\" width=\"1920\" height=\"720\" srcset=\"https:\/\/www.panoston.ca\/wp-content\/uploads\/2021\/09\/pan-oston-location.jpg 1920w, https:\/\/www.panoston.ca\/wp-content\/uploads\/2021\/09\/pan-oston-location-600x225.jpg 600w, https:\/\/www.panoston.ca\/wp-content\/uploads\/2021\/09\/pan-oston-location-300x113.jpg 300w, https:\/\/www.panoston.ca\/wp-content\/uploads\/2021\/09\/pan-oston-location-1024x384.jpg 1024w, https:\/\/www.panoston.ca\/wp-content\/uploads\/2021\/09\/pan-oston-location-768x288.jpg 768w, https:\/\/www.panoston.ca\/wp-content\/uploads\/2021\/09\/pan-oston-location-1536x576.jpg 1536w, https:\/\/www.panoston.ca\/wp-content\/uploads\/2021\/09\/pan-oston-location-500x188.jpg 500w, https:\/\/www.panoston.ca\/wp-content\/uploads\/2021\/09\/pan-oston-location-250x94.jpg 250w\" sizes=\"(max-width: 1920px) 100vw, 1920px\" title=\"emplacement-pan-oston\" alt=\"\" \t\tclass=\"so-widget-image\"\/>\n\t<\/div>\n\n<\/div><\/div><\/div><\/div><\/div><\/div>","protected":false},"excerpt":{"rendered":"<p>Pan-Oston a \u00e9lev\u00e9 la fabrication \u00e0 fa\u00e7on \u00e0 un niveau totalement in\u00e9dit Notre fabrication \u00e0 fa\u00e7on prend de nombreuses formes Nous concevons et produisons des produits en marque blanche par le biais de partenariats avec des tierspour les produits de d\u00e9tail et de consommation<\/p>\n","protected":false},"author":1,"featured_media":0,"parent":0,"menu_order":35,"comment_status":"closed","ping_status":"closed","template":"","meta":{"_acf_changed":false,"footnotes":""},"class_list":["post-1529","page","type-page","status-publish","hentry"],"acf":[],"yoast_head":"<!-- This site is optimized with the Yoast SEO plugin v27.5 - https:\/\/yoast.com\/product\/yoast-seo-wordpress\/ -->\n<title>Fabrication \u00e0 fa\u00e7on - Pan-Oston Ltd<\/title>\n<meta name=\"robots\" content=\"index, follow, max-snippet:-1, max-image-preview:large, max-video-preview:-1\" \/>\n<link rel=\"canonical\" href=\"https:\/\/www.panoston.ca\/fr\/fabrication-a-facon\/\" \/>\n<meta property=\"og:locale\" content=\"fr_FR\" \/>\n<meta property=\"og:type\" content=\"article\" \/>\n<meta property=\"og:title\" content=\"Fabrication \u00e0 fa\u00e7on - Pan-Oston Ltd\" \/>\n<meta property=\"og:description\" content=\"Pan-Oston a \u00e9lev\u00e9 la fabrication \u00e0 fa\u00e7on \u00e0 un niveau totalement in\u00e9dit Notre fabrication \u00e0 fa\u00e7on prend de nombreuses formes Nous concevons et produisons des produits en marque blanche par le biais de partenariats avec des tierspour les produits de d\u00e9tail et de consommation\" \/>\n<meta property=\"og:url\" content=\"https:\/\/www.panoston.ca\/fr\/fabrication-a-facon\/\" \/>\n<meta property=\"og:site_name\" content=\"Pan-Oston Ltd\" \/>\n<meta name=\"twitter:card\" content=\"summary_large_image\" \/>\n<script type=\"application\/ld+json\" class=\"yoast-schema-graph\">{\"@context\":\"https:\\\/\\\/schema.org\",\"@graph\":[{\"@type\":\"WebPage\",\"@id\":\"https:\\\/\\\/www.panoston.ca\\\/fr\\\/fabrication-a-facon\\\/\",\"url\":\"https:\\\/\\\/www.panoston.ca\\\/fr\\\/fabrication-a-facon\\\/\",\"name\":\"Fabrication \u00e0 fa\u00e7on - Pan-Oston Ltd\",\"isPartOf\":{\"@id\":\"https:\\\/\\\/www.panoston.ca\\\/fr\\\/#website\"},\"datePublished\":\"2021-09-24T18:31:49+00:00\",\"breadcrumb\":{\"@id\":\"https:\\\/\\\/www.panoston.ca\\\/fr\\\/fabrication-a-facon\\\/#breadcrumb\"},\"inLanguage\":\"fr-FR\",\"potentialAction\":[{\"@type\":\"ReadAction\",\"target\":[\"https:\\\/\\\/www.panoston.ca\\\/fr\\\/fabrication-a-facon\\\/\"]}]},{\"@type\":\"BreadcrumbList\",\"@id\":\"https:\\\/\\\/www.panoston.ca\\\/fr\\\/fabrication-a-facon\\\/#breadcrumb\",\"itemListElement\":[{\"@type\":\"ListItem\",\"position\":1,\"name\":\"Home\",\"item\":\"https:\\\/\\\/www.panoston.ca\\\/fr\\\/\"},{\"@type\":\"ListItem\",\"position\":2,\"name\":\"Fabrication \u00e0 fa\u00e7on\"}]},{\"@type\":\"WebSite\",\"@id\":\"https:\\\/\\\/www.panoston.ca\\\/fr\\\/#website\",\"url\":\"https:\\\/\\\/www.panoston.ca\\\/fr\\\/\",\"name\":\"Pan-Oston Ltd\",\"description\":\"\",\"potentialAction\":[{\"@type\":\"SearchAction\",\"target\":{\"@type\":\"EntryPoint\",\"urlTemplate\":\"https:\\\/\\\/www.panoston.ca\\\/fr\\\/?s={search_term_string}\"},\"query-input\":{\"@type\":\"PropertyValueSpecification\",\"valueRequired\":true,\"valueName\":\"search_term_string\"}}],\"inLanguage\":\"fr-FR\"}]}<\/script>\n<!-- \/ Yoast SEO plugin. -->","yoast_head_json":{"title":"Fabrication \u00e0 fa\u00e7on - Pan-Oston Ltd","robots":{"index":"index","follow":"follow","max-snippet":"max-snippet:-1","max-image-preview":"max-image-preview:large","max-video-preview":"max-video-preview:-1"},"canonical":"https:\/\/www.panoston.ca\/fr\/fabrication-a-facon\/","og_locale":"fr_FR","og_type":"article","og_title":"Fabrication \u00e0 fa\u00e7on - Pan-Oston Ltd","og_description":"Pan-Oston a \u00e9lev\u00e9 la fabrication \u00e0 fa\u00e7on \u00e0 un niveau totalement in\u00e9dit Notre fabrication \u00e0 fa\u00e7on prend de nombreuses formes Nous concevons et produisons des produits en marque blanche par le biais de partenariats avec des tierspour les produits de d\u00e9tail et de consommation","og_url":"https:\/\/www.panoston.ca\/fr\/fabrication-a-facon\/","og_site_name":"Pan-Oston Ltd","twitter_card":"summary_large_image","schema":{"@context":"https:\/\/schema.org","@graph":[{"@type":"WebPage","@id":"https:\/\/www.panoston.ca\/fr\/fabrication-a-facon\/","url":"https:\/\/www.panoston.ca\/fr\/fabrication-a-facon\/","name":"Fabrication \u00e0 fa\u00e7on - Pan-Oston Ltd","isPartOf":{"@id":"https:\/\/www.panoston.ca\/fr\/#website"},"datePublished":"2021-09-24T18:31:49+00:00","breadcrumb":{"@id":"https:\/\/www.panoston.ca\/fr\/fabrication-a-facon\/#breadcrumb"},"inLanguage":"fr-FR","potentialAction":[{"@type":"ReadAction","target":["https:\/\/www.panoston.ca\/fr\/fabrication-a-facon\/"]}]},{"@type":"BreadcrumbList","@id":"https:\/\/www.panoston.ca\/fr\/fabrication-a-facon\/#breadcrumb","itemListElement":[{"@type":"ListItem","position":1,"name":"Home","item":"https:\/\/www.panoston.ca\/fr\/"},{"@type":"ListItem","position":2,"name":"Fabrication \u00e0 fa\u00e7on"}]},{"@type":"WebSite","@id":"https:\/\/www.panoston.ca\/fr\/#website","url":"https:\/\/www.panoston.ca\/fr\/","name":"Pan-Oston Ltd","description":"","potentialAction":[{"@type":"SearchAction","target":{"@type":"EntryPoint","urlTemplate":"https:\/\/www.panoston.ca\/fr\/?s={search_term_string}"},"query-input":{"@type":"PropertyValueSpecification","valueRequired":true,"valueName":"search_term_string"}}],"inLanguage":"fr-FR"}]}},"_links":{"self":[{"href":"https:\/\/www.panoston.ca\/fr\/wp-json\/wp\/v2\/pages\/1529","targetHints":{"allow":["GET"]}}],"collection":[{"href":"https:\/\/www.panoston.ca\/fr\/wp-json\/wp\/v2\/pages"}],"about":[{"href":"https:\/\/www.panoston.ca\/fr\/wp-json\/wp\/v2\/types\/page"}],"author":[{"embeddable":true,"href":"https:\/\/www.panoston.ca\/fr\/wp-json\/wp\/v2\/users\/1"}],"replies":[{"embeddable":true,"href":"https:\/\/www.panoston.ca\/fr\/wp-json\/wp\/v2\/comments?post=1529"}],"version-history":[{"count":0,"href":"https:\/\/www.panoston.ca\/fr\/wp-json\/wp\/v2\/pages\/1529\/revisions"}],"wp:attachment":[{"href":"https:\/\/www.panoston.ca\/fr\/wp-json\/wp\/v2\/media?parent=1529"}],"curies":[{"name":"wp","href":"https:\/\/api.w.org\/{rel}","templated":true}]}}