{"id":1540,"date":"2021-09-24T09:34:46","date_gmt":"2021-09-24T13:34:46","guid":{"rendered":"https:\/\/panoston.ideasconnected.com\/caisses-101\/"},"modified":"2021-09-24T09:34:46","modified_gmt":"2021-09-24T13:34:46","slug":"caisses-101","status":"publish","type":"page","link":"https:\/\/www.panoston.ca\/fr\/caisses-101\/","title":{"rendered":"Caisses 101"},"content":{"rendered":"<div id=\"pl-1540\"  class=\"panel-layout\" ><div id=\"pg-1540-0\"  class=\"panel-grid panel-has-style\" ><div class=\"siteorigin-panels-stretch panel-row-style panel-row-style-for-1540-0\" data-stretch-type=\"full\" ><div id=\"pgc-1540-0-0\"  class=\"panel-grid-cell\" ><div class=\"panel-cell-style panel-cell-style-for-1540-0-0\" ><div id=\"panel-1540-0-0-0\" class=\"so-panel widget widget_sow-editor panel-first-child panel-last-child\" data-index=\"0\" ><div\n\t\t\t\n\t\t\tclass=\"so-widget-sow-editor so-widget-sow-editor-base\"\n\t\t\t\n\t\t>\n<div class=\"siteorigin-widget-tinymce textwidget\">\n\t<h1>Caisses 101<\/h1>\n<p>Tout ce que vous vouliez savoir sur les caisses mais que vous n'osiez pas demander.<\/p>\n<\/div>\n<\/div><\/div><\/div><\/div><\/div><\/div><div id=\"pg-1540-1\"  class=\"panel-grid panel-no-style\" ><div id=\"pgc-1540-1-0\"  class=\"panel-grid-cell\" ><div id=\"panel-1540-1-0-0\" class=\"so-panel widget widget_sow-accordion panel-first-child panel-last-child\" data-index=\"1\" ><div\n\t\t\t\n\t\t\tclass=\"so-widget-sow-accordion so-widget-sow-accordion-default-d17da86f4b5c-1540\"\n\t\t\t\n\t\t><div>\n\t<div class=\"sow-accordion\">\n\t\t\t<div class=\"sow-accordion-panel\n\t\t\t\t\t\"\n\t\t\t\tdata-anchor-id=\"gauche-vs-droite\">\n\t\t\t\t\t<div class=\"sow-accordion-panel-header-container\" role=\"heading\" aria-level=\"2\">\n\t\t\t\t\t<div class=\"sow-accordion-panel-header\" tabindex=\"0\" role=\"button\" id=\"accordion-label-gauche-vs-droite\" aria-controls=\"accordion-content-gauche-vs-droite\" aria-expanded=\"false\">\n\t\t\t\t\t\t<div class=\"sow-accordion-title sow-accordion-title-icon-left\">\n\t\t\t\t\t\t\t\t\t\t\t\t\t\tGauche vs droite\t\t\t\t\t\t\t\t\t\t\t\t\t<\/div>\n\t\t\t\t\t\t<div class=\"sow-accordion-open-close-button\">\n\t\t\t\t\t\t\t<div class=\"sow-accordion-open-button\">\n\t\t\t\t\t\t\t\t<span class=\"sow-icon-ionicons\" data-sow-icon=\"&#xf218;\"\n\t\t \n\t\taria-hidden=\"true\"><\/span>\t\t\t\t\t\t\t<\/div>\n\t\t\t\t\t\t\t<div class=\"sow-accordion-close-button\">\n\t\t\t\t\t\t\t\t<span class=\"sow-icon-ionicons\" data-sow-icon=\"&#xf209;\"\n\t\t \n\t\taria-hidden=\"true\"><\/span>\t\t\t\t\t\t\t<\/div>\n\t\t\t\t\t\t<\/div>\n\t\t\t\t\t<\/div>\n\t\t\t\t<\/div>\n\n\t\t\t<div\n\t\t\t\tclass=\"sow-accordion-panel-content\"\n\t\t\t\trole=\"region\"\n\t\t\t\taria-labelledby=\"accordion-label-gauche-vs-droite\"\n\t\t\t\tid=\"accordion-content-gauche-vs-droite\"\n\t\t\t\tstyle=\"display: none;\"\t\t\t>\n\t\t\t\t<div class=\"sow-accordion-panel-border\">\n\t\t\t\t\tDans une caisse c\u00f4t\u00e9 gauche, la caisse se trouve du c\u00f4t\u00e9 gauche du client lorsqu'il se dirige vers l'avant du magasin. Le client se trouve \u00e0 la gauche du caissier lorsque le caissier fait face \u00e0 l'arri\u00e8re du magasin.\t\t\t\t<\/div>\n\t\t\t<\/div>\n\t\t<\/div>\n\t\t\t<div class=\"sow-accordion-panel\n\t\t\t\t\t\"\n\t\t\t\tdata-anchor-id=\"pourquoi-une-caisse-avec-convoyeur-de-5-fait-elle-95-de-long\">\n\t\t\t\t\t<div class=\"sow-accordion-panel-header-container\" role=\"heading\" aria-level=\"2\">\n\t\t\t\t\t<div class=\"sow-accordion-panel-header\" tabindex=\"0\" role=\"button\" id=\"accordion-label-pourquoi-une-caisse-avec-convoyeur-de-5-fait-elle-95-de-long\" aria-controls=\"accordion-content-pourquoi-une-caisse-avec-convoyeur-de-5-fait-elle-95-de-long\" aria-expanded=\"false\">\n\t\t\t\t\t\t<div class=\"sow-accordion-title sow-accordion-title-icon-left\">\n\t\t\t\t\t\t\t\t\t\t\t\t\t\tPourquoi une caisse avec convoyeur de 5' fait-elle 9,5' de long ?\t\t\t\t\t\t\t\t\t\t\t\t\t<\/div>\n\t\t\t\t\t\t<div class=\"sow-accordion-open-close-button\">\n\t\t\t\t\t\t\t<div class=\"sow-accordion-open-button\">\n\t\t\t\t\t\t\t\t<span class=\"sow-icon-ionicons\" data-sow-icon=\"&#xf218;\"\n\t\t \n\t\taria-hidden=\"true\"><\/span>\t\t\t\t\t\t\t<\/div>\n\t\t\t\t\t\t\t<div class=\"sow-accordion-close-button\">\n\t\t\t\t\t\t\t\t<span class=\"sow-icon-ionicons\" data-sow-icon=\"&#xf209;\"\n\t\t \n\t\taria-hidden=\"true\"><\/span>\t\t\t\t\t\t\t<\/div>\n\t\t\t\t\t\t<\/div>\n\t\t\t\t\t<\/div>\n\t\t\t\t<\/div>\n\n\t\t\t<div\n\t\t\t\tclass=\"sow-accordion-panel-content\"\n\t\t\t\trole=\"region\"\n\t\t\t\taria-labelledby=\"accordion-label-pourquoi-une-caisse-avec-convoyeur-de-5-fait-elle-95-de-long\"\n\t\t\t\tid=\"accordion-content-pourquoi-une-caisse-avec-convoyeur-de-5-fait-elle-95-de-long\"\n\t\t\t\tstyle=\"display: none;\"\t\t\t>\n\t\t\t\t<div class=\"sow-accordion-panel-border\">\n\t\t\t\t\tUn convoyeur de 5' fait r\u00e9f\u00e9rence \u00e0 la longueur approximative du meuble convoyeur qui comprend la section \u00e0 bande et l'espace pour le scanner\/balance.\t\t\t\t<\/div>\n\t\t\t<\/div>\n\t\t<\/div>\n\t\t\t<div class=\"sow-accordion-panel\n\t\t\t\t\t\"\n\t\t\t\tdata-anchor-id=\"a-bande\">\n\t\t\t\t\t<div class=\"sow-accordion-panel-header-container\" role=\"heading\" aria-level=\"2\">\n\t\t\t\t\t<div class=\"sow-accordion-panel-header\" tabindex=\"0\" role=\"button\" id=\"accordion-label-%c3%a0-bande\" aria-controls=\"accordion-content-%c3%a0-bande\" aria-expanded=\"false\">\n\t\t\t\t\t\t<div class=\"sow-accordion-title sow-accordion-title-icon-left\">\n\t\t\t\t\t\t\t\t\t\t\t\t\t\t\u00c0 bande\t\t\t\t\t\t\t\t\t\t\t\t\t<\/div>\n\t\t\t\t\t\t<div class=\"sow-accordion-open-close-button\">\n\t\t\t\t\t\t\t<div class=\"sow-accordion-open-button\">\n\t\t\t\t\t\t\t\t<span class=\"sow-icon-ionicons\" data-sow-icon=\"&#xf218;\"\n\t\t \n\t\taria-hidden=\"true\"><\/span>\t\t\t\t\t\t\t<\/div>\n\t\t\t\t\t\t\t<div class=\"sow-accordion-close-button\">\n\t\t\t\t\t\t\t\t<span class=\"sow-icon-ionicons\" data-sow-icon=\"&#xf209;\"\n\t\t \n\t\taria-hidden=\"true\"><\/span>\t\t\t\t\t\t\t<\/div>\n\t\t\t\t\t\t<\/div>\n\t\t\t\t\t<\/div>\n\t\t\t\t<\/div>\n\n\t\t\t<div\n\t\t\t\tclass=\"sow-accordion-panel-content\"\n\t\t\t\trole=\"region\"\n\t\t\t\taria-labelledby=\"accordion-label-%c3%a0-bande\"\n\t\t\t\tid=\"accordion-content-%c3%a0-bande\"\n\t\t\t\tstyle=\"display: none;\"\t\t\t>\n\t\t\t\t<div class=\"sow-accordion-panel-border\">\n\t\t\t\t\t<p><strong>Longueur <\/strong><\/p>\n<p>Nos caisses les plus populaires ont des convoyeurs de 5' ou 6'. Dans la plupart des magasins, cela offre suffisamment d'espace pour qu'un client place toute sa commande sur la bande ou pour que plusieurs clients placent de petites commandes sur la bande en m\u00eame temps. Des tailles de 4' \u00e0 8' sont disponibles dans certains styles de caisses.<\/p>\n<p><strong>Poulie moteur int\u00e9gr\u00e9e <\/strong><\/p>\n<p>Nous utilisons la m\u00eame poulie moteur int\u00e9gr\u00e9e durable et fiable que nous utilisons depuis le d\u00e9but des ann\u00e9es 80. La conception simple o\u00f9 le moteur tourne autour de l'arbre \u00e9limine le besoin de diverses pi\u00e8ces mobiles qui pourraient tomber en panne.<\/p>\n<p><strong>Contr\u00f4le <\/strong><\/p>\n<p>Toutes les caisses \u00e0 bande ont un interrupteur marche\/arr\u00eat combin\u00e9 avec des cellules photo\u00e9lectriques ou une p\u00e9dale pour le fonctionnement de la bande. Nos contr\u00f4leurs offrent un arr\u00eat temporis\u00e9 pour \u00e9conomiser l'\u00e9nergie si aucun produit n'est plac\u00e9 sur la bande apr\u00e8s environ 10 secondes.<\/p>\n\t\t\t\t<\/div>\n\t\t\t<\/div>\n\t\t<\/div>\n\t\t\t<div class=\"sow-accordion-panel\n\t\t\t\t\t\"\n\t\t\t\tdata-anchor-id=\"scanner-et-emballer-vs-scanner-et-passer-vs-tri-bande\">\n\t\t\t\t\t<div class=\"sow-accordion-panel-header-container\" role=\"heading\" aria-level=\"2\">\n\t\t\t\t\t<div class=\"sow-accordion-panel-header\" tabindex=\"0\" role=\"button\" id=\"accordion-label-scanner-et-emballer-vs-scanner-et-passer-vs-tri-bande\" aria-controls=\"accordion-content-scanner-et-emballer-vs-scanner-et-passer-vs-tri-bande\" aria-expanded=\"false\">\n\t\t\t\t\t\t<div class=\"sow-accordion-title sow-accordion-title-icon-left\">\n\t\t\t\t\t\t\t\t\t\t\t\t\t\tScanner et emballer vs scanner et passer vs Tri-bande\t\t\t\t\t\t\t\t\t\t\t\t\t<\/div>\n\t\t\t\t\t\t<div class=\"sow-accordion-open-close-button\">\n\t\t\t\t\t\t\t<div class=\"sow-accordion-open-button\">\n\t\t\t\t\t\t\t\t<span class=\"sow-icon-ionicons\" data-sow-icon=\"&#xf218;\"\n\t\t \n\t\taria-hidden=\"true\"><\/span>\t\t\t\t\t\t\t<\/div>\n\t\t\t\t\t\t\t<div class=\"sow-accordion-close-button\">\n\t\t\t\t\t\t\t\t<span class=\"sow-icon-ionicons\" data-sow-icon=\"&#xf209;\"\n\t\t \n\t\taria-hidden=\"true\"><\/span>\t\t\t\t\t\t\t<\/div>\n\t\t\t\t\t\t<\/div>\n\t\t\t\t\t<\/div>\n\t\t\t\t<\/div>\n\n\t\t\t<div\n\t\t\t\tclass=\"sow-accordion-panel-content\"\n\t\t\t\trole=\"region\"\n\t\t\t\taria-labelledby=\"accordion-label-scanner-et-emballer-vs-scanner-et-passer-vs-tri-bande\"\n\t\t\t\tid=\"accordion-content-scanner-et-emballer-vs-scanner-et-passer-vs-tri-bande\"\n\t\t\t\tstyle=\"display: none;\"\t\t\t>\n\t\t\t\t<div class=\"sow-accordion-panel-border\">\n\t\t\t\t\t<p>Les caisses Scanner et Emballer conviennent le mieux aux magasins o\u00f9 le caissier emballe les produits d'\u00e9picerie pour le client.<\/p>\n<p>Les caisses Scanner et Passer doivent \u00eatre utilis\u00e9es dans les magasins o\u00f9 le client emballe ses propres produits d'\u00e9picerie.<\/p>\n<p>Des mod\u00e8les hybrides Scanner et Emballer et Scanner et Passer sont \u00e9galement disponibles. Cela permet aux magasins de passer d'un mode \u00e0 l'autre rapidement et facilement.<\/p>\n<p>Cette version hybride est recommand\u00e9e pour les magasins qui connaissent un volume de trafic plus \u00e9lev\u00e9 \u00e0 diff\u00e9rents moments de la journ\u00e9e ou de la semaine et souhaitent r\u00e9agir en cons\u00e9quence.<\/p>\n<p>Les caisses Tri-bande doivent \u00eatre utilis\u00e9es dans un magasin o\u00f9 le client emballe avec des volumes plus \u00e9lev\u00e9s. Deux convoyeurs arri\u00e8re prennent le produit du caissier et le d\u00e9placent vers l'arri\u00e8re de la caisse pour que le client emballe ses propres produits d'\u00e9picerie. Ces caisses occupent g\u00e9n\u00e9ralement le plus d'espace, ce qui est compens\u00e9 par le d\u00e9bit accru.<\/p>\n\t\t\t\t<\/div>\n\t\t\t<\/div>\n\t\t<\/div>\n\t\t\t<div class=\"sow-accordion-panel\n\t\t\t\t\t\"\n\t\t\t\tdata-anchor-id=\"caisses-libre-service\">\n\t\t\t\t\t<div class=\"sow-accordion-panel-header-container\" role=\"heading\" aria-level=\"2\">\n\t\t\t\t\t<div class=\"sow-accordion-panel-header\" tabindex=\"0\" role=\"button\" id=\"accordion-label-caisses-libre-service\" aria-controls=\"accordion-content-caisses-libre-service\" aria-expanded=\"false\">\n\t\t\t\t\t\t<div class=\"sow-accordion-title sow-accordion-title-icon-left\">\n\t\t\t\t\t\t\t\t\t\t\t\t\t\tCaisses libre-service\t\t\t\t\t\t\t\t\t\t\t\t\t<\/div>\n\t\t\t\t\t\t<div class=\"sow-accordion-open-close-button\">\n\t\t\t\t\t\t\t<div class=\"sow-accordion-open-button\">\n\t\t\t\t\t\t\t\t<span class=\"sow-icon-ionicons\" data-sow-icon=\"&#xf218;\"\n\t\t \n\t\taria-hidden=\"true\"><\/span>\t\t\t\t\t\t\t<\/div>\n\t\t\t\t\t\t\t<div class=\"sow-accordion-close-button\">\n\t\t\t\t\t\t\t\t<span class=\"sow-icon-ionicons\" data-sow-icon=\"&#xf209;\"\n\t\t \n\t\taria-hidden=\"true\"><\/span>\t\t\t\t\t\t\t<\/div>\n\t\t\t\t\t\t<\/div>\n\t\t\t\t\t<\/div>\n\t\t\t\t<\/div>\n\n\t\t\t<div\n\t\t\t\tclass=\"sow-accordion-panel-content\"\n\t\t\t\trole=\"region\"\n\t\t\t\taria-labelledby=\"accordion-label-caisses-libre-service\"\n\t\t\t\tid=\"accordion-content-caisses-libre-service\"\n\t\t\t\tstyle=\"display: none;\"\t\t\t>\n\t\t\t\t<div class=\"sow-accordion-panel-border\">\n\t\t\t\t\tLes caisses libre-service exigent que le client scanne et emballe ses propres produits d'\u00e9picerie avec une supervision limit\u00e9e des employ\u00e9s du magasin.\t\t\t\t<\/div>\n\t\t\t<\/div>\n\t\t<\/div>\n\t\t\t<div class=\"sow-accordion-panel\n\t\t\t\t\t\"\n\t\t\t\tdata-anchor-id=\"voies-sans-bande\">\n\t\t\t\t\t<div class=\"sow-accordion-panel-header-container\" role=\"heading\" aria-level=\"2\">\n\t\t\t\t\t<div class=\"sow-accordion-panel-header\" tabindex=\"0\" role=\"button\" id=\"accordion-label-voies-sans-bande\" aria-controls=\"accordion-content-voies-sans-bande\" aria-expanded=\"false\">\n\t\t\t\t\t\t<div class=\"sow-accordion-title sow-accordion-title-icon-left\">\n\t\t\t\t\t\t\t\t\t\t\t\t\t\tVoies sans bande\t\t\t\t\t\t\t\t\t\t\t\t\t<\/div>\n\t\t\t\t\t\t<div class=\"sow-accordion-open-close-button\">\n\t\t\t\t\t\t\t<div class=\"sow-accordion-open-button\">\n\t\t\t\t\t\t\t\t<span class=\"sow-icon-ionicons\" data-sow-icon=\"&#xf218;\"\n\t\t \n\t\taria-hidden=\"true\"><\/span>\t\t\t\t\t\t\t<\/div>\n\t\t\t\t\t\t\t<div class=\"sow-accordion-close-button\">\n\t\t\t\t\t\t\t\t<span class=\"sow-icon-ionicons\" data-sow-icon=\"&#xf209;\"\n\t\t \n\t\taria-hidden=\"true\"><\/span>\t\t\t\t\t\t\t<\/div>\n\t\t\t\t\t\t<\/div>\n\t\t\t\t\t<\/div>\n\t\t\t\t<\/div>\n\n\t\t\t<div\n\t\t\t\tclass=\"sow-accordion-panel-content\"\n\t\t\t\trole=\"region\"\n\t\t\t\taria-labelledby=\"accordion-label-voies-sans-bande\"\n\t\t\t\tid=\"accordion-content-voies-sans-bande\"\n\t\t\t\tstyle=\"display: none;\"\t\t\t>\n\t\t\t\t<div class=\"sow-accordion-panel-border\">\n\t\t\t\t\tId\u00e9ales pour les petits magasins, les voies express ou les magasins avec de petits nombres de paniers (1 \u00e0 8 articles par commande)\t\t\t\t<\/div>\n\t\t\t<\/div>\n\t\t<\/div>\n\t\t\t<div class=\"sow-accordion-panel\n\t\t\t\t\t\"\n\t\t\t\tdata-anchor-id=\"regle-generale\">\n\t\t\t\t\t<div class=\"sow-accordion-panel-header-container\" role=\"heading\" aria-level=\"2\">\n\t\t\t\t\t<div class=\"sow-accordion-panel-header\" tabindex=\"0\" role=\"button\" id=\"accordion-label-r%c3%a8gle-g%c3%a9n%c3%a9rale\" aria-controls=\"accordion-content-r%c3%a8gle-g%c3%a9n%c3%a9rale\" aria-expanded=\"false\">\n\t\t\t\t\t\t<div class=\"sow-accordion-title sow-accordion-title-icon-left\">\n\t\t\t\t\t\t\t\t\t\t\t\t\t\tR\u00e8gle g\u00e9n\u00e9rale\t\t\t\t\t\t\t\t\t\t\t\t\t<\/div>\n\t\t\t\t\t\t<div class=\"sow-accordion-open-close-button\">\n\t\t\t\t\t\t\t<div class=\"sow-accordion-open-button\">\n\t\t\t\t\t\t\t\t<span class=\"sow-icon-ionicons\" data-sow-icon=\"&#xf218;\"\n\t\t \n\t\taria-hidden=\"true\"><\/span>\t\t\t\t\t\t\t<\/div>\n\t\t\t\t\t\t\t<div class=\"sow-accordion-close-button\">\n\t\t\t\t\t\t\t\t<span class=\"sow-icon-ionicons\" data-sow-icon=\"&#xf209;\"\n\t\t \n\t\taria-hidden=\"true\"><\/span>\t\t\t\t\t\t\t<\/div>\n\t\t\t\t\t\t<\/div>\n\t\t\t\t\t<\/div>\n\t\t\t\t<\/div>\n\n\t\t\t<div\n\t\t\t\tclass=\"sow-accordion-panel-content\"\n\t\t\t\trole=\"region\"\n\t\t\t\taria-labelledby=\"accordion-label-r%c3%a8gle-g%c3%a9n%c3%a9rale\"\n\t\t\t\tid=\"accordion-content-r%c3%a8gle-g%c3%a9n%c3%a9rale\"\n\t\t\t\tstyle=\"display: none;\"\t\t\t>\n\t\t\t\t<div class=\"sow-accordion-panel-border\">\n\t\t\t\t\tPour mieux comprendre si vous avez besoin d'une caisse \u00e0 bande ou sans bande, examinez la taille moyenne des commandes. S'il s'agit de 1 \u00e0 8 articles qui peuvent \u00eatre plac\u00e9s \u00e0 port\u00e9e de bras du caissier, vous devriez pouvoir travailler avec une caisse sans bande. Pour les commandes plus importantes ou pour les magasins vendant des articles plus volumineux, optez pour une caisse \u00e0 bande. Pour les magasins \u00e0 volume \u00e9lev\u00e9 avec de grandes tailles de commandes, les voies Tri-bande peuvent offrir le d\u00e9bit le plus rapide et le plus efficace.\t\t\t\t<\/div>\n\t\t\t<\/div>\n\t\t<\/div>\n\t\t\t<div class=\"sow-accordion-panel\n\t\t\t\t\t\"\n\t\t\t\tdata-anchor-id=\"quel-type-demballage-ou-de-mise-en-boite\">\n\t\t\t\t\t<div class=\"sow-accordion-panel-header-container\" role=\"heading\" aria-level=\"2\">\n\t\t\t\t\t<div class=\"sow-accordion-panel-header\" tabindex=\"0\" role=\"button\" id=\"accordion-label-quel-type-demballage-ou-de-mise-en-bo%c3%aete\" aria-controls=\"accordion-content-quel-type-demballage-ou-de-mise-en-bo%c3%aete\" aria-expanded=\"false\">\n\t\t\t\t\t\t<div class=\"sow-accordion-title sow-accordion-title-icon-left\">\n\t\t\t\t\t\t\t\t\t\t\t\t\t\tQuel type d'emballage ou de mise en bo\u00eete ?\t\t\t\t\t\t\t\t\t\t\t\t\t<\/div>\n\t\t\t\t\t\t<div class=\"sow-accordion-open-close-button\">\n\t\t\t\t\t\t\t<div class=\"sow-accordion-open-button\">\n\t\t\t\t\t\t\t\t<span class=\"sow-icon-ionicons\" data-sow-icon=\"&#xf218;\"\n\t\t \n\t\taria-hidden=\"true\"><\/span>\t\t\t\t\t\t\t<\/div>\n\t\t\t\t\t\t\t<div class=\"sow-accordion-close-button\">\n\t\t\t\t\t\t\t\t<span class=\"sow-icon-ionicons\" data-sow-icon=\"&#xf209;\"\n\t\t \n\t\taria-hidden=\"true\"><\/span>\t\t\t\t\t\t\t<\/div>\n\t\t\t\t\t\t<\/div>\n\t\t\t\t\t<\/div>\n\t\t\t\t<\/div>\n\n\t\t\t<div\n\t\t\t\tclass=\"sow-accordion-panel-content\"\n\t\t\t\trole=\"region\"\n\t\t\t\taria-labelledby=\"accordion-label-quel-type-demballage-ou-de-mise-en-bo%c3%aete\"\n\t\t\t\tid=\"accordion-content-quel-type-demballage-ou-de-mise-en-bo%c3%aete\"\n\t\t\t\tstyle=\"display: none;\"\t\t\t>\n\t\t\t\t<div class=\"sow-accordion-panel-border\">\n\t\t\t\t\t<p>Si le m\u00eame employ\u00e9 qui a scann\u00e9 le produit emballe les produits d'\u00e9picerie, vous voudrez une caisse au format Scanner et Emballer.<\/p>\n<p>Si le client emballe ou met en bo\u00eete ses propres produits d'\u00e9picerie, optez pour une caisse Scanner et Passer. Si les volumes et le d\u00e9bit de clients sont \u00e9lev\u00e9s, examinez une option Tri-bande.<\/p>\n\t\t\t\t<\/div>\n\t\t\t<\/div>\n\t\t<\/div>\n\t\t\t<div class=\"sow-accordion-panel\n\t\t\t\t\t\"\n\t\t\t\tdata-anchor-id=\"construction-des-caisses\">\n\t\t\t\t\t<div class=\"sow-accordion-panel-header-container\" role=\"heading\" aria-level=\"2\">\n\t\t\t\t\t<div class=\"sow-accordion-panel-header\" tabindex=\"0\" role=\"button\" id=\"accordion-label-construction-des-caisses\" aria-controls=\"accordion-content-construction-des-caisses\" aria-expanded=\"false\">\n\t\t\t\t\t\t<div class=\"sow-accordion-title sow-accordion-title-icon-left\">\n\t\t\t\t\t\t\t\t\t\t\t\t\t\tConstruction des caisses\t\t\t\t\t\t\t\t\t\t\t\t\t<\/div>\n\t\t\t\t\t\t<div class=\"sow-accordion-open-close-button\">\n\t\t\t\t\t\t\t<div class=\"sow-accordion-open-button\">\n\t\t\t\t\t\t\t\t<span class=\"sow-icon-ionicons\" data-sow-icon=\"&#xf218;\"\n\t\t \n\t\taria-hidden=\"true\"><\/span>\t\t\t\t\t\t\t<\/div>\n\t\t\t\t\t\t\t<div class=\"sow-accordion-close-button\">\n\t\t\t\t\t\t\t\t<span class=\"sow-icon-ionicons\" data-sow-icon=\"&#xf209;\"\n\t\t \n\t\taria-hidden=\"true\"><\/span>\t\t\t\t\t\t\t<\/div>\n\t\t\t\t\t\t<\/div>\n\t\t\t\t\t<\/div>\n\t\t\t\t<\/div>\n\n\t\t\t<div\n\t\t\t\tclass=\"sow-accordion-panel-content\"\n\t\t\t\trole=\"region\"\n\t\t\t\taria-labelledby=\"accordion-label-construction-des-caisses\"\n\t\t\t\tid=\"accordion-content-construction-des-caisses\"\n\t\t\t\tstyle=\"display: none;\"\t\t\t>\n\t\t\t\t<div class=\"sow-accordion-panel-border\">\n\t\t\t\t\tNous soudons nos caisses en utilisant un proc\u00e9d\u00e9 qui nous permet d'utiliser de l'acier galvanis\u00e9 pour offrir \u00e0 nos clients les caisses les plus durables et les plus durables au Canada. Nous finissons avec une peinture en poudre \u00e9lectrostatique et de l'acier inoxydable pour offrir aux clients des caisses qui dureront toute une vie. Un investissement dans une caisse Pan Oston est un investissement \u00e0 long terme dans votre entreprise.\t\t\t\t<\/div>\n\t\t\t<\/div>\n\t\t<\/div>\n\t\t<\/div>\n<\/div>\n<\/div><\/div><\/div><\/div><\/div>","protected":false},"excerpt":{"rendered":"<p>Caisses 101 Tout ce que vous vouliez savoir sur les caisses mais que vous n&rsquo;osiez pas demander.<\/p>\n","protected":false},"author":1,"featured_media":0,"parent":0,"menu_order":80,"comment_status":"closed","ping_status":"closed","template":"","meta":{"_acf_changed":false,"footnotes":""},"class_list":["post-1540","page","type-page","status-publish","hentry"],"acf":[],"yoast_head":"<!-- This site is optimized with the Yoast SEO plugin v27.5 - https:\/\/yoast.com\/product\/yoast-seo-wordpress\/ -->\n<title>Caisses 101 - Pan-Oston Ltd<\/title>\n<meta name=\"robots\" content=\"index, follow, max-snippet:-1, max-image-preview:large, max-video-preview:-1\" \/>\n<link rel=\"canonical\" href=\"https:\/\/www.panoston.ca\/fr\/caisses-101\/\" \/>\n<meta property=\"og:locale\" content=\"fr_FR\" \/>\n<meta property=\"og:type\" content=\"article\" \/>\n<meta property=\"og:title\" content=\"Caisses 101 - Pan-Oston Ltd\" \/>\n<meta property=\"og:description\" content=\"Caisses 101 Tout ce que vous vouliez savoir sur les caisses mais que vous n&#039;osiez pas demander.\" \/>\n<meta property=\"og:url\" content=\"https:\/\/www.panoston.ca\/fr\/caisses-101\/\" \/>\n<meta property=\"og:site_name\" content=\"Pan-Oston Ltd\" \/>\n<meta name=\"twitter:card\" content=\"summary_large_image\" \/>\n<script type=\"application\/ld+json\" class=\"yoast-schema-graph\">{\"@context\":\"https:\\\/\\\/schema.org\",\"@graph\":[{\"@type\":\"WebPage\",\"@id\":\"https:\\\/\\\/www.panoston.ca\\\/fr\\\/caisses-101\\\/\",\"url\":\"https:\\\/\\\/www.panoston.ca\\\/fr\\\/caisses-101\\\/\",\"name\":\"Caisses 101 - Pan-Oston Ltd\",\"isPartOf\":{\"@id\":\"https:\\\/\\\/www.panoston.ca\\\/fr\\\/#website\"},\"datePublished\":\"2021-09-24T13:34:46+00:00\",\"breadcrumb\":{\"@id\":\"https:\\\/\\\/www.panoston.ca\\\/fr\\\/caisses-101\\\/#breadcrumb\"},\"inLanguage\":\"fr-FR\",\"potentialAction\":[{\"@type\":\"ReadAction\",\"target\":[\"https:\\\/\\\/www.panoston.ca\\\/fr\\\/caisses-101\\\/\"]}]},{\"@type\":\"BreadcrumbList\",\"@id\":\"https:\\\/\\\/www.panoston.ca\\\/fr\\\/caisses-101\\\/#breadcrumb\",\"itemListElement\":[{\"@type\":\"ListItem\",\"position\":1,\"name\":\"Home\",\"item\":\"https:\\\/\\\/www.panoston.ca\\\/fr\\\/\"},{\"@type\":\"ListItem\",\"position\":2,\"name\":\"Caisses 101\"}]},{\"@type\":\"WebSite\",\"@id\":\"https:\\\/\\\/www.panoston.ca\\\/fr\\\/#website\",\"url\":\"https:\\\/\\\/www.panoston.ca\\\/fr\\\/\",\"name\":\"Pan-Oston Ltd\",\"description\":\"\",\"potentialAction\":[{\"@type\":\"SearchAction\",\"target\":{\"@type\":\"EntryPoint\",\"urlTemplate\":\"https:\\\/\\\/www.panoston.ca\\\/fr\\\/?s={search_term_string}\"},\"query-input\":{\"@type\":\"PropertyValueSpecification\",\"valueRequired\":true,\"valueName\":\"search_term_string\"}}],\"inLanguage\":\"fr-FR\"}]}<\/script>\n<!-- \/ Yoast SEO plugin. -->","yoast_head_json":{"title":"Caisses 101 - Pan-Oston Ltd","robots":{"index":"index","follow":"follow","max-snippet":"max-snippet:-1","max-image-preview":"max-image-preview:large","max-video-preview":"max-video-preview:-1"},"canonical":"https:\/\/www.panoston.ca\/fr\/caisses-101\/","og_locale":"fr_FR","og_type":"article","og_title":"Caisses 101 - Pan-Oston Ltd","og_description":"Caisses 101 Tout ce que vous vouliez savoir sur les caisses mais que vous n'osiez pas demander.","og_url":"https:\/\/www.panoston.ca\/fr\/caisses-101\/","og_site_name":"Pan-Oston Ltd","twitter_card":"summary_large_image","schema":{"@context":"https:\/\/schema.org","@graph":[{"@type":"WebPage","@id":"https:\/\/www.panoston.ca\/fr\/caisses-101\/","url":"https:\/\/www.panoston.ca\/fr\/caisses-101\/","name":"Caisses 101 - Pan-Oston Ltd","isPartOf":{"@id":"https:\/\/www.panoston.ca\/fr\/#website"},"datePublished":"2021-09-24T13:34:46+00:00","breadcrumb":{"@id":"https:\/\/www.panoston.ca\/fr\/caisses-101\/#breadcrumb"},"inLanguage":"fr-FR","potentialAction":[{"@type":"ReadAction","target":["https:\/\/www.panoston.ca\/fr\/caisses-101\/"]}]},{"@type":"BreadcrumbList","@id":"https:\/\/www.panoston.ca\/fr\/caisses-101\/#breadcrumb","itemListElement":[{"@type":"ListItem","position":1,"name":"Home","item":"https:\/\/www.panoston.ca\/fr\/"},{"@type":"ListItem","position":2,"name":"Caisses 101"}]},{"@type":"WebSite","@id":"https:\/\/www.panoston.ca\/fr\/#website","url":"https:\/\/www.panoston.ca\/fr\/","name":"Pan-Oston Ltd","description":"","potentialAction":[{"@type":"SearchAction","target":{"@type":"EntryPoint","urlTemplate":"https:\/\/www.panoston.ca\/fr\/?s={search_term_string}"},"query-input":{"@type":"PropertyValueSpecification","valueRequired":true,"valueName":"search_term_string"}}],"inLanguage":"fr-FR"}]}},"_links":{"self":[{"href":"https:\/\/www.panoston.ca\/fr\/wp-json\/wp\/v2\/pages\/1540","targetHints":{"allow":["GET"]}}],"collection":[{"href":"https:\/\/www.panoston.ca\/fr\/wp-json\/wp\/v2\/pages"}],"about":[{"href":"https:\/\/www.panoston.ca\/fr\/wp-json\/wp\/v2\/types\/page"}],"author":[{"embeddable":true,"href":"https:\/\/www.panoston.ca\/fr\/wp-json\/wp\/v2\/users\/1"}],"replies":[{"embeddable":true,"href":"https:\/\/www.panoston.ca\/fr\/wp-json\/wp\/v2\/comments?post=1540"}],"version-history":[{"count":0,"href":"https:\/\/www.panoston.ca\/fr\/wp-json\/wp\/v2\/pages\/1540\/revisions"}],"wp:attachment":[{"href":"https:\/\/www.panoston.ca\/fr\/wp-json\/wp\/v2\/media?parent=1540"}],"curies":[{"name":"wp","href":"https:\/\/api.w.org\/{rel}","templated":true}]}}