{"id":1545,"date":"2021-09-09T15:46:02","date_gmt":"2021-09-09T19:46:02","guid":{"rendered":"https:\/\/panoston.ideasconnected.com\/produits\/agencements-pour-commerce-de-detail\/"},"modified":"2021-09-09T15:46:02","modified_gmt":"2021-09-09T19:46:02","slug":"agencements-pour-commerce-de-detail","status":"publish","type":"page","link":"https:\/\/www.panoston.ca\/fr\/produits\/agencements-pour-commerce-de-detail\/","title":{"rendered":"Agencements pour commerce de d\u00e9tail"},"content":{"rendered":"<div id=\"pl-1545\"  class=\"panel-layout\" ><div id=\"pg-1545-0\"  class=\"panel-grid panel-has-style\" ><div class=\"siteorigin-panels-stretch panel-row-style panel-row-style-for-1545-0\" data-stretch-type=\"full\" ><div id=\"pgc-1545-0-0\"  class=\"panel-grid-cell\" ><div class=\"panel-cell-style panel-cell-style-for-1545-0-0\" ><div id=\"panel-1545-0-0-0\" class=\"so-panel widget widget_sow-editor panel-first-child panel-last-child\" data-index=\"0\" ><div\n\t\t\t\n\t\t\tclass=\"so-widget-sow-editor so-widget-sow-editor-base\"\n\t\t\t\n\t\t>\n<div class=\"siteorigin-widget-tinymce textwidget\">\n\t<h1>Agencements pour commerce de d\u00e9tail<\/h1>\n<\/div>\n<\/div><\/div><\/div><\/div><\/div><\/div><div id=\"pg-1545-1\"  class=\"panel-grid panel-no-style\" ><div id=\"pgc-1545-1-0\"  class=\"panel-grid-cell\" >\n\t\t\t\t\t\t<div id=\"breadcrumbsWrapper\"><p id=\"breadcrumbs\"><span><span><a href=\"https:\/\/www.panoston.ca\/fr\/\">Home<\/a><\/span><\/span><\/div>\n\t\t\t\t\t\t<div id=\"panel-1545-1-0-0\" class=\"widget_text so-panel widget widget_custom_html panel-first-child panel-last-child\" data-index=\"1\" ><div class=\"textwidget custom-html-widget\"><\/div><\/div><\/div><\/div><div id=\"pg-1545-2\"  class=\"panel-grid panel-no-style\" ><div id=\"pgc-1545-2-0\"  class=\"panel-grid-cell\" ><div id=\"panel-1545-2-0-0\" class=\"so-panel widget widget_sow-editor panel-first-child panel-last-child\" data-index=\"2\" ><div\n\t\t\t\n\t\t\tclass=\"so-widget-sow-editor so-widget-sow-editor-base\"\n\t\t\t\n\t\t>\n<div class=\"siteorigin-widget-tinymce textwidget\">\n\t<p style=\"text-align: center;\"><strong>Pour les agencements personnalis\u00e9s ou les grandes s\u00e9ries de production, nous pouvons cr\u00e9er des agencements fabriqu\u00e9s avec une vari\u00e9t\u00e9 de mat\u00e9riaux pour mettre en valeur votre magasin.<\/strong><\/p>\n<\/div>\n<\/div><\/div><\/div><\/div><div id=\"pg-1545-3\"  class=\"panel-grid panel-no-style\" ><div id=\"pgc-1545-3-0\"  class=\"panel-grid-cell\" ><div id=\"panel-1545-3-0-0\" class=\"so-panel widget panel-first-child panel-last-child\" data-index=\"3\" ><\/div><\/div><\/div><\/div>","protected":false},"excerpt":{"rendered":"<p>Agencements pour commerce de d\u00e9tail<\/p>\n","protected":false},"author":1,"featured_media":0,"parent":1448,"menu_order":30,"comment_status":"closed","ping_status":"closed","template":"","meta":{"_acf_changed":false,"footnotes":""},"class_list":["post-1545","page","type-page","status-publish","hentry"],"acf":[],"yoast_head":"<!-- This site is optimized with the Yoast SEO plugin v27.5 - https:\/\/yoast.com\/product\/yoast-seo-wordpress\/ -->\n<title>Agencements pour commerce de d\u00e9tail - Pan-Oston Ltd<\/title>\n<meta name=\"robots\" content=\"index, follow, max-snippet:-1, max-image-preview:large, max-video-preview:-1\" \/>\n<link rel=\"canonical\" href=\"https:\/\/www.panoston.ca\/fr\/produits\/agencements-pour-commerce-de-detail\/\" \/>\n<meta property=\"og:locale\" content=\"fr_FR\" \/>\n<meta property=\"og:type\" content=\"article\" \/>\n<meta property=\"og:title\" content=\"Agencements pour commerce de d\u00e9tail - Pan-Oston Ltd\" \/>\n<meta property=\"og:description\" content=\"Agencements pour commerce de d\u00e9tail\" \/>\n<meta property=\"og:url\" content=\"https:\/\/www.panoston.ca\/fr\/produits\/agencements-pour-commerce-de-detail\/\" \/>\n<meta property=\"og:site_name\" content=\"Pan-Oston Ltd\" \/>\n<meta name=\"twitter:card\" content=\"summary_large_image\" \/>\n<script type=\"application\/ld+json\" class=\"yoast-schema-graph\">{\"@context\":\"https:\\\/\\\/schema.org\",\"@graph\":[{\"@type\":\"WebPage\",\"@id\":\"https:\\\/\\\/www.panoston.ca\\\/fr\\\/produits\\\/agencements-pour-commerce-de-detail\\\/\",\"url\":\"https:\\\/\\\/www.panoston.ca\\\/fr\\\/produits\\\/agencements-pour-commerce-de-detail\\\/\",\"name\":\"Agencements pour commerce de d\u00e9tail - Pan-Oston Ltd\",\"isPartOf\":{\"@id\":\"https:\\\/\\\/www.panoston.ca\\\/fr\\\/#website\"},\"datePublished\":\"2021-09-09T19:46:02+00:00\",\"breadcrumb\":{\"@id\":\"https:\\\/\\\/www.panoston.ca\\\/fr\\\/produits\\\/agencements-pour-commerce-de-detail\\\/#breadcrumb\"},\"inLanguage\":\"fr-FR\",\"potentialAction\":[{\"@type\":\"ReadAction\",\"target\":[\"https:\\\/\\\/www.panoston.ca\\\/fr\\\/produits\\\/agencements-pour-commerce-de-detail\\\/\"]}]},{\"@type\":\"BreadcrumbList\",\"@id\":\"https:\\\/\\\/www.panoston.ca\\\/fr\\\/produits\\\/agencements-pour-commerce-de-detail\\\/#breadcrumb\",\"itemListElement\":[{\"@type\":\"ListItem\",\"position\":1,\"name\":\"Home\",\"item\":\"https:\\\/\\\/www.panoston.ca\\\/fr\\\/\"},{\"@type\":\"ListItem\",\"position\":2,\"name\":\"Produits\",\"item\":\"https:\\\/\\\/www.panoston.ca\\\/fr\\\/produits\\\/\"},{\"@type\":\"ListItem\",\"position\":3,\"name\":\"Agencements pour commerce de d\u00e9tail\"}]},{\"@type\":\"WebSite\",\"@id\":\"https:\\\/\\\/www.panoston.ca\\\/fr\\\/#website\",\"url\":\"https:\\\/\\\/www.panoston.ca\\\/fr\\\/\",\"name\":\"Pan-Oston Ltd\",\"description\":\"\",\"potentialAction\":[{\"@type\":\"SearchAction\",\"target\":{\"@type\":\"EntryPoint\",\"urlTemplate\":\"https:\\\/\\\/www.panoston.ca\\\/fr\\\/?s={search_term_string}\"},\"query-input\":{\"@type\":\"PropertyValueSpecification\",\"valueRequired\":true,\"valueName\":\"search_term_string\"}}],\"inLanguage\":\"fr-FR\"}]}<\/script>\n<!-- \/ Yoast SEO plugin. -->","yoast_head_json":{"title":"Agencements pour commerce de d\u00e9tail - Pan-Oston Ltd","robots":{"index":"index","follow":"follow","max-snippet":"max-snippet:-1","max-image-preview":"max-image-preview:large","max-video-preview":"max-video-preview:-1"},"canonical":"https:\/\/www.panoston.ca\/fr\/produits\/agencements-pour-commerce-de-detail\/","og_locale":"fr_FR","og_type":"article","og_title":"Agencements pour commerce de d\u00e9tail - Pan-Oston Ltd","og_description":"Agencements pour commerce de d\u00e9tail","og_url":"https:\/\/www.panoston.ca\/fr\/produits\/agencements-pour-commerce-de-detail\/","og_site_name":"Pan-Oston Ltd","twitter_card":"summary_large_image","schema":{"@context":"https:\/\/schema.org","@graph":[{"@type":"WebPage","@id":"https:\/\/www.panoston.ca\/fr\/produits\/agencements-pour-commerce-de-detail\/","url":"https:\/\/www.panoston.ca\/fr\/produits\/agencements-pour-commerce-de-detail\/","name":"Agencements pour commerce de d\u00e9tail - Pan-Oston Ltd","isPartOf":{"@id":"https:\/\/www.panoston.ca\/fr\/#website"},"datePublished":"2021-09-09T19:46:02+00:00","breadcrumb":{"@id":"https:\/\/www.panoston.ca\/fr\/produits\/agencements-pour-commerce-de-detail\/#breadcrumb"},"inLanguage":"fr-FR","potentialAction":[{"@type":"ReadAction","target":["https:\/\/www.panoston.ca\/fr\/produits\/agencements-pour-commerce-de-detail\/"]}]},{"@type":"BreadcrumbList","@id":"https:\/\/www.panoston.ca\/fr\/produits\/agencements-pour-commerce-de-detail\/#breadcrumb","itemListElement":[{"@type":"ListItem","position":1,"name":"Home","item":"https:\/\/www.panoston.ca\/fr\/"},{"@type":"ListItem","position":2,"name":"Produits","item":"https:\/\/www.panoston.ca\/fr\/produits\/"},{"@type":"ListItem","position":3,"name":"Agencements pour commerce de d\u00e9tail"}]},{"@type":"WebSite","@id":"https:\/\/www.panoston.ca\/fr\/#website","url":"https:\/\/www.panoston.ca\/fr\/","name":"Pan-Oston Ltd","description":"","potentialAction":[{"@type":"SearchAction","target":{"@type":"EntryPoint","urlTemplate":"https:\/\/www.panoston.ca\/fr\/?s={search_term_string}"},"query-input":{"@type":"PropertyValueSpecification","valueRequired":true,"valueName":"search_term_string"}}],"inLanguage":"fr-FR"}]}},"_links":{"self":[{"href":"https:\/\/www.panoston.ca\/fr\/wp-json\/wp\/v2\/pages\/1545","targetHints":{"allow":["GET"]}}],"collection":[{"href":"https:\/\/www.panoston.ca\/fr\/wp-json\/wp\/v2\/pages"}],"about":[{"href":"https:\/\/www.panoston.ca\/fr\/wp-json\/wp\/v2\/types\/page"}],"author":[{"embeddable":true,"href":"https:\/\/www.panoston.ca\/fr\/wp-json\/wp\/v2\/users\/1"}],"replies":[{"embeddable":true,"href":"https:\/\/www.panoston.ca\/fr\/wp-json\/wp\/v2\/comments?post=1545"}],"version-history":[{"count":0,"href":"https:\/\/www.panoston.ca\/fr\/wp-json\/wp\/v2\/pages\/1545\/revisions"}],"up":[{"embeddable":true,"href":"https:\/\/www.panoston.ca\/fr\/wp-json\/wp\/v2\/pages\/1448"}],"wp:attachment":[{"href":"https:\/\/www.panoston.ca\/fr\/wp-json\/wp\/v2\/media?parent=1545"}],"curies":[{"name":"wp","href":"https:\/\/api.w.org\/{rel}","templated":true}]}}