{"id":1595,"date":"2021-09-09T15:42:09","date_gmt":"2021-09-09T19:42:09","guid":{"rendered":"https:\/\/panoston.ideasconnected.com\/a-propos-de-nous\/"},"modified":"2021-09-09T15:42:09","modified_gmt":"2021-09-09T19:42:09","slug":"a-propos-de-nous","status":"publish","type":"page","link":"https:\/\/www.panoston.ca\/fr\/a-propos-de-nous\/","title":{"rendered":"\u00c0 propos de nous"},"content":{"rendered":"<div id=\"pl-1595\"  class=\"panel-layout\" ><div id=\"pg-1595-0\"  class=\"panel-grid panel-has-style\" ><div class=\"siteorigin-panels-stretch panel-row-style panel-row-style-for-1595-0\" data-stretch-type=\"full\" ><div id=\"pgc-1595-0-0\"  class=\"panel-grid-cell\" ><div class=\"panel-cell-style panel-cell-style-for-1595-0-0\" ><div id=\"panel-1595-0-0-0\" class=\"so-panel widget widget_sow-editor panel-first-child panel-last-child\" data-index=\"0\" ><div\n\t\t\t\n\t\t\tclass=\"so-widget-sow-editor so-widget-sow-editor-base\"\n\t\t\t\n\t\t>\n<div class=\"siteorigin-widget-tinymce textwidget\">\n\t<h1>\u00c0 propos de<br \/>\n<strong class=\"blueText\">PAN-OSTON LTD<\/strong><\/h1>\n<p>Pan-Oston Ltd. a \u00e9t\u00e9 fond\u00e9e en 1977 \u00e0 Peterborough, en Ontario, en tant que solution de fabrication unique pour la conception, la fabrication, la finition de peinture et l'assemblage de t\u00f4les pour tous les environnements de vente au d\u00e9tail et en tant que fabricant \u00e0 fa\u00e7on. Nous continuons d'\u00e9tendre nos capacit\u00e9s et notre succ\u00e8s avec d'autres mat\u00e9riaux tels que le fil, le bois et le plastique. Nous souhaitons \u00e9tablir un partenariat avec vous en respectant pleinement l'importance de comprendre vos probl\u00e8mes et d\u00e9fis sp\u00e9cifiques&nbsp;; en nous concentrant sur de nouvelles solutions qui non seulement r\u00e9pondent \u00e0 vos besoins, mais qui tiennent \u00e9galement compte des tendances changeantes et des conditions du march\u00e9.<\/p>\n<p>Au nom de nous tous ici, je tiens \u00e0 vous remercier d'avoir pris le temps de consulter notre site Web pour en savoir un peu plus sur Pan-Oston et sur ce que nous pouvons faire pour votre entreprise.<\/p>\n<p>Profitez de l'exp\u00e9rience Pan-Oston.<\/p>\n<p>Greg Butler, pr\u00e9sident<\/p>\n<\/div>\n<\/div><\/div><\/div><\/div><div id=\"pgc-1595-0-1\"  class=\"panel-grid-cell\" ><div id=\"panel-1595-0-1-0\" class=\"so-panel widget widget_sow-image panel-first-child panel-last-child\" data-index=\"1\" ><div\n\t\t\t\n\t\t\tclass=\"so-widget-sow-image so-widget-sow-image-default-c67d20f9f743-1595\"\n\t\t\t\n\t\t>\n<div class=\"sow-image-container\">\n\t\t<img \n\tsrc=\"https:\/\/www.panoston.ca\/wp-content\/uploads\/2021\/09\/about-us-greg.jpg\" width=\"700\" height=\"847\" srcset=\"https:\/\/www.panoston.ca\/wp-content\/uploads\/2021\/09\/about-us-greg.jpg 700w, https:\/\/www.panoston.ca\/wp-content\/uploads\/2021\/09\/about-us-greg-600x726.jpg 600w, https:\/\/www.panoston.ca\/wp-content\/uploads\/2021\/09\/about-us-greg-248x300.jpg 248w, https:\/\/www.panoston.ca\/wp-content\/uploads\/2021\/09\/about-us-greg-413x500.jpg 413w, https:\/\/www.panoston.ca\/wp-content\/uploads\/2021\/09\/about-us-greg-165x200.jpg 165w\" sizes=\"(max-width: 700px) 100vw, 700px\" alt=\"\" \t\tclass=\"so-widget-image\"\/>\n\t<\/div>\n\n<\/div><\/div><\/div><\/div><\/div><div id=\"pg-1595-1\"  class=\"panel-grid panel-has-style\" ><div class=\"panel-row-style panel-row-style-for-1595-1\" ><div id=\"pgc-1595-1-0\"  class=\"panel-grid-cell\" ><div class=\"panel-cell-style panel-cell-style-for-1595-1-0\" ><div id=\"panel-1595-1-0-0\" class=\"so-panel widget widget_sow-image panel-first-child panel-last-child\" data-index=\"2\" ><div\n\t\t\t\n\t\t\tclass=\"so-widget-sow-image so-widget-sow-image-default-dbf295114b96-1595\"\n\t\t\t\n\t\t>\n<div class=\"sow-image-container\">\n\t\t<img \n\tsrc=\"https:\/\/www.panoston.ca\/wp-content\/uploads\/2025\/07\/greg_and_glen_2025.webp\" width=\"887\" height=\"533\" srcset=\"https:\/\/www.panoston.ca\/wp-content\/uploads\/2025\/07\/greg_and_glen_2025.webp 887w, https:\/\/www.panoston.ca\/wp-content\/uploads\/2025\/07\/greg_and_glen_2025-300x180.webp 300w, https:\/\/www.panoston.ca\/wp-content\/uploads\/2025\/07\/greg_and_glen_2025-768x461.webp 768w, https:\/\/www.panoston.ca\/wp-content\/uploads\/2025\/07\/greg_and_glen_2025-500x300.webp 500w, https:\/\/www.panoston.ca\/wp-content\/uploads\/2025\/07\/greg_and_glen_2025-250x150.webp 250w, https:\/\/www.panoston.ca\/wp-content\/uploads\/2025\/07\/greg_and_glen_2025-600x361.webp 600w\" sizes=\"(max-width: 887px) 100vw, 887px\" alt=\"\" \t\tclass=\"so-widget-image\"\/>\n\t<\/div>\n\n<\/div><\/div><\/div><\/div><div id=\"pgc-1595-1-1\"  class=\"panel-grid-cell\" ><div id=\"panel-1595-1-1-0\" class=\"so-panel widget widget_sow-editor panel-first-child\" data-index=\"3\" ><div class=\"panel-widget-style panel-widget-style-for-1595-1-1-0\" ><div\n\t\t\t\n\t\t\tclass=\"so-widget-sow-editor so-widget-sow-editor-base\"\n\t\t\t\n\t\t>\n<div class=\"siteorigin-widget-tinymce textwidget\">\n\t<h2><strong>Rencontrez les propri\u00e9taires et la direction de Pan-Oston<\/strong><\/h2>\n<\/div>\n<\/div><\/div><\/div><div id=\"panel-1595-1-1-1\" class=\"so-panel widget widget_sow-editor panel-last-child\" data-index=\"4\" ><div class=\"panel-widget-style panel-widget-style-for-1595-1-1-1\" ><div\n\t\t\t\n\t\t\tclass=\"so-widget-sow-editor so-widget-sow-editor-base\"\n\t\t\t\n\t\t>\n<div class=\"siteorigin-widget-tinymce textwidget\">\n\t<p>PR\u00c9SIDENT<br \/>\n<span class=\"largeText extraBold\">greg Butler<\/span><\/p>\n<p>VICE-PR\u00c9SIDENT, VENTES ET MARKETING<\/p>\n<p><span class=\"largeText extraBold\">Glen Bonner<\/span><\/p>\n<\/div>\n<\/div><\/div><\/div><\/div><\/div><\/div><div id=\"pg-1595-2\"  class=\"panel-grid panel-no-style\" ><div id=\"pgc-1595-2-0\"  class=\"panel-grid-cell\" ><div id=\"panel-1595-2-0-0\" class=\"so-panel widget widget_sow-editor panel-first-child panel-last-child\" data-index=\"5\" ><div\n\t\t\t\n\t\t\tclass=\"so-widget-sow-editor so-widget-sow-editor-base\"\n\t\t\t\n\t\t>\n<div class=\"siteorigin-widget-tinymce textwidget\">\n\t<p>Butler et Bonner ont achet\u00e9 Pan-Oston, Canada en 2006. M. Butler est bien connu et poss\u00e8de une exp\u00e9rience diversifi\u00e9e dans l'industrie. Il est actuellement pr\u00e9sident de Pan-Oston, Canada et de Complete Retail Solutions.<\/p>\n<p>M. Butler a commenc\u00e9 chez Pan-Oston en tant que dessinateur junior en 1983 et a gravi les \u00e9chelons jusqu'au poste de chef de l'exploitation pour l'Am\u00e9rique du Nord en 1998, responsable de trois usines de fabrication aux \u00c9tats-Unis (2 au Kentucky et 1 \u00e0 Las Vegas) ainsi que de deux usines au Canada. Au cours de son mandat, il a \u00e9t\u00e9 invit\u00e9 \u00e0 cr\u00e9er Pan-Oston Co., USA \u00e0 Glasgow, KY, ainsi qu'une usine de fabrication satellite \u00e0 Las Vegas pour le march\u00e9 de l'ouest des \u00c9tats-Unis. M. Butler a fond\u00e9 Complete Retail Solutions (CRS) avec M. Bonner en 2002.<\/p>\n<p>M. Bonner est le vice-pr\u00e9sident, ventes et marketing. Il a commenc\u00e9 chez Pan-Oston en 1978 \u00e0 l'atelier de production et a \u00e9t\u00e9 promu au poste de responsable des achats, puis est retourn\u00e9 aux ventes et au marketing en 1983. Avec pr\u00e8s de 40 ans d'exp\u00e9rience dans le secteur de la vente au d\u00e9tail, il g\u00e8re l'\u00e9quipe canadienne des ventes et du marketing, entretenant des relations avec nos clients \u00e9tablis et d\u00e9veloppant de nouvelles opportunit\u00e9s passionnantes. Dans de nombreux cas, il conna\u00eet mieux l'\u00e9quipement existant et les besoins futurs que les acheteurs d'agencements eux-m\u00eames.<\/p>\n<p>Bonner g\u00e8re actuellement notre \u00e9quipe de vente, y compris les chefs de produits, le service national et le soutien aux ventes internes. Il cod\u00e9veloppe des opportunit\u00e9s avec des entreprises r\u00e9gionales ind\u00e9pendantes qui repr\u00e9sentent nos produits sur le march\u00e9 de la vente au d\u00e9tail d'un oc\u00e9an \u00e0 l'autre. Notre service apr\u00e8s-vente facilite le service, la maintenance pr\u00e9ventive et les installations pour nos clients \u00e0 l'\u00e9chelle nationale.<\/p>\n<\/div>\n<\/div><\/div><\/div><\/div><div id=\"pg-1595-3\"  class=\"panel-grid panel-has-style\" ><div class=\"siteorigin-panels-stretch panel-row-style panel-row-style-for-1595-3\" data-stretch-type=\"full-width-stretch\" ><div id=\"pgc-1595-3-0\"  class=\"panel-grid-cell\" ><div id=\"panel-1595-3-0-0\" class=\"so-panel widget widget_sow-image panel-first-child panel-last-child\" data-index=\"6\" ><div\n\t\t\t\n\t\t\tclass=\"so-widget-sow-image so-widget-sow-image-default-a258e6bfa2d8-1595\"\n\t\t\t\n\t\t>\n<div class=\"sow-image-container\">\n\t\t<img \n\tsrc=\"https:\/\/www.panoston.ca\/wp-content\/uploads\/2025\/07\/location-footer-1.webp\" width=\"2000\" height=\"1236\" srcset=\"https:\/\/www.panoston.ca\/wp-content\/uploads\/2025\/07\/location-footer-1.webp 2000w, https:\/\/www.panoston.ca\/wp-content\/uploads\/2025\/07\/location-footer-1-300x185.webp 300w, https:\/\/www.panoston.ca\/wp-content\/uploads\/2025\/07\/location-footer-1-1024x633.webp 1024w, https:\/\/www.panoston.ca\/wp-content\/uploads\/2025\/07\/location-footer-1-768x475.webp 768w, https:\/\/www.panoston.ca\/wp-content\/uploads\/2025\/07\/location-footer-1-1536x949.webp 1536w, https:\/\/www.panoston.ca\/wp-content\/uploads\/2025\/07\/location-footer-1-500x309.webp 500w, https:\/\/www.panoston.ca\/wp-content\/uploads\/2025\/07\/location-footer-1-250x155.webp 250w, https:\/\/www.panoston.ca\/wp-content\/uploads\/2025\/07\/location-footer-1-600x371.webp 600w\" sizes=\"(max-width: 2000px) 100vw, 2000px\" title=\"emplacement-pied-de-page\" alt=\"\" \t\tclass=\"so-widget-image\"\/>\n\t<\/div>\n\n<\/div><\/div><\/div><\/div><\/div><\/div>","protected":false},"excerpt":{"rendered":"<p>\u00c0 propos de PAN-OSTON LTD Pan-Oston Ltd. a \u00e9t\u00e9 fond\u00e9e en 1977 \u00e0 Peterborough, en Ontario, en tant que solution de fabrication unique pour la conception, la fabrication, la finition de peinture et l&rsquo;assemblage de t\u00f4les pour tous les environnements de vente au d\u00e9tail et en tant que fabricant \u00e0 fa\u00e7on. Nous continuons d&rsquo;\u00e9tendre nos [&hellip;]<\/p>\n","protected":false},"author":1,"featured_media":0,"parent":0,"menu_order":50,"comment_status":"closed","ping_status":"closed","template":"","meta":{"_acf_changed":false,"footnotes":""},"class_list":["post-1595","page","type-page","status-publish","hentry"],"acf":[],"yoast_head":"<!-- This site is optimized with the Yoast SEO plugin v27.5 - https:\/\/yoast.com\/product\/yoast-seo-wordpress\/ -->\n<title>\u00c0 propos de nous - Pan-Oston Ltd<\/title>\n<meta name=\"robots\" content=\"index, follow, max-snippet:-1, max-image-preview:large, max-video-preview:-1\" \/>\n<link rel=\"canonical\" href=\"https:\/\/www.panoston.ca\/fr\/a-propos-de-nous\/\" \/>\n<meta property=\"og:locale\" content=\"fr_FR\" \/>\n<meta property=\"og:type\" content=\"article\" \/>\n<meta property=\"og:title\" content=\"\u00c0 propos de nous - Pan-Oston Ltd\" \/>\n<meta property=\"og:description\" content=\"\u00c0 propos de PAN-OSTON LTD Pan-Oston Ltd. a \u00e9t\u00e9 fond\u00e9e en 1977 \u00e0 Peterborough, en Ontario, en tant que solution de fabrication unique pour la conception, la fabrication, la finition de peinture et l&#039;assemblage de t\u00f4les pour tous les environnements de vente au d\u00e9tail et en tant que fabricant \u00e0 fa\u00e7on. Nous continuons d&#039;\u00e9tendre nos [&hellip;]\" \/>\n<meta property=\"og:url\" content=\"https:\/\/www.panoston.ca\/fr\/a-propos-de-nous\/\" \/>\n<meta property=\"og:site_name\" content=\"Pan-Oston Ltd\" \/>\n<meta name=\"twitter:card\" content=\"summary_large_image\" \/>\n<script type=\"application\/ld+json\" class=\"yoast-schema-graph\">{\"@context\":\"https:\\\/\\\/schema.org\",\"@graph\":[{\"@type\":\"WebPage\",\"@id\":\"https:\\\/\\\/www.panoston.ca\\\/fr\\\/a-propos-de-nous\\\/\",\"url\":\"https:\\\/\\\/www.panoston.ca\\\/fr\\\/a-propos-de-nous\\\/\",\"name\":\"\u00c0 propos de nous - Pan-Oston Ltd\",\"isPartOf\":{\"@id\":\"https:\\\/\\\/www.panoston.ca\\\/fr\\\/#website\"},\"datePublished\":\"2021-09-09T19:42:09+00:00\",\"breadcrumb\":{\"@id\":\"https:\\\/\\\/www.panoston.ca\\\/fr\\\/a-propos-de-nous\\\/#breadcrumb\"},\"inLanguage\":\"fr-FR\",\"potentialAction\":[{\"@type\":\"ReadAction\",\"target\":[\"https:\\\/\\\/www.panoston.ca\\\/fr\\\/a-propos-de-nous\\\/\"]}]},{\"@type\":\"BreadcrumbList\",\"@id\":\"https:\\\/\\\/www.panoston.ca\\\/fr\\\/a-propos-de-nous\\\/#breadcrumb\",\"itemListElement\":[{\"@type\":\"ListItem\",\"position\":1,\"name\":\"Home\",\"item\":\"https:\\\/\\\/www.panoston.ca\\\/fr\\\/\"},{\"@type\":\"ListItem\",\"position\":2,\"name\":\"\u00c0 propos de nous\"}]},{\"@type\":\"WebSite\",\"@id\":\"https:\\\/\\\/www.panoston.ca\\\/fr\\\/#website\",\"url\":\"https:\\\/\\\/www.panoston.ca\\\/fr\\\/\",\"name\":\"Pan-Oston Ltd\",\"description\":\"\",\"potentialAction\":[{\"@type\":\"SearchAction\",\"target\":{\"@type\":\"EntryPoint\",\"urlTemplate\":\"https:\\\/\\\/www.panoston.ca\\\/fr\\\/?s={search_term_string}\"},\"query-input\":{\"@type\":\"PropertyValueSpecification\",\"valueRequired\":true,\"valueName\":\"search_term_string\"}}],\"inLanguage\":\"fr-FR\"}]}<\/script>\n<!-- \/ Yoast SEO plugin. -->","yoast_head_json":{"title":"\u00c0 propos de nous - Pan-Oston Ltd","robots":{"index":"index","follow":"follow","max-snippet":"max-snippet:-1","max-image-preview":"max-image-preview:large","max-video-preview":"max-video-preview:-1"},"canonical":"https:\/\/www.panoston.ca\/fr\/a-propos-de-nous\/","og_locale":"fr_FR","og_type":"article","og_title":"\u00c0 propos de nous - Pan-Oston Ltd","og_description":"\u00c0 propos de PAN-OSTON LTD Pan-Oston Ltd. a \u00e9t\u00e9 fond\u00e9e en 1977 \u00e0 Peterborough, en Ontario, en tant que solution de fabrication unique pour la conception, la fabrication, la finition de peinture et l'assemblage de t\u00f4les pour tous les environnements de vente au d\u00e9tail et en tant que fabricant \u00e0 fa\u00e7on. Nous continuons d'\u00e9tendre nos [&hellip;]","og_url":"https:\/\/www.panoston.ca\/fr\/a-propos-de-nous\/","og_site_name":"Pan-Oston Ltd","twitter_card":"summary_large_image","schema":{"@context":"https:\/\/schema.org","@graph":[{"@type":"WebPage","@id":"https:\/\/www.panoston.ca\/fr\/a-propos-de-nous\/","url":"https:\/\/www.panoston.ca\/fr\/a-propos-de-nous\/","name":"\u00c0 propos de nous - Pan-Oston Ltd","isPartOf":{"@id":"https:\/\/www.panoston.ca\/fr\/#website"},"datePublished":"2021-09-09T19:42:09+00:00","breadcrumb":{"@id":"https:\/\/www.panoston.ca\/fr\/a-propos-de-nous\/#breadcrumb"},"inLanguage":"fr-FR","potentialAction":[{"@type":"ReadAction","target":["https:\/\/www.panoston.ca\/fr\/a-propos-de-nous\/"]}]},{"@type":"BreadcrumbList","@id":"https:\/\/www.panoston.ca\/fr\/a-propos-de-nous\/#breadcrumb","itemListElement":[{"@type":"ListItem","position":1,"name":"Home","item":"https:\/\/www.panoston.ca\/fr\/"},{"@type":"ListItem","position":2,"name":"\u00c0 propos de nous"}]},{"@type":"WebSite","@id":"https:\/\/www.panoston.ca\/fr\/#website","url":"https:\/\/www.panoston.ca\/fr\/","name":"Pan-Oston Ltd","description":"","potentialAction":[{"@type":"SearchAction","target":{"@type":"EntryPoint","urlTemplate":"https:\/\/www.panoston.ca\/fr\/?s={search_term_string}"},"query-input":{"@type":"PropertyValueSpecification","valueRequired":true,"valueName":"search_term_string"}}],"inLanguage":"fr-FR"}]}},"_links":{"self":[{"href":"https:\/\/www.panoston.ca\/fr\/wp-json\/wp\/v2\/pages\/1595","targetHints":{"allow":["GET"]}}],"collection":[{"href":"https:\/\/www.panoston.ca\/fr\/wp-json\/wp\/v2\/pages"}],"about":[{"href":"https:\/\/www.panoston.ca\/fr\/wp-json\/wp\/v2\/types\/page"}],"author":[{"embeddable":true,"href":"https:\/\/www.panoston.ca\/fr\/wp-json\/wp\/v2\/users\/1"}],"replies":[{"embeddable":true,"href":"https:\/\/www.panoston.ca\/fr\/wp-json\/wp\/v2\/comments?post=1595"}],"version-history":[{"count":0,"href":"https:\/\/www.panoston.ca\/fr\/wp-json\/wp\/v2\/pages\/1595\/revisions"}],"wp:attachment":[{"href":"https:\/\/www.panoston.ca\/fr\/wp-json\/wp\/v2\/media?parent=1595"}],"curies":[{"name":"wp","href":"https:\/\/api.w.org\/{rel}","templated":true}]}}