{"id":1600,"date":"2021-09-09T15:41:23","date_gmt":"2021-09-09T19:41:23","guid":{"rendered":"https:\/\/panoston.ideasconnected.com\/service-et-reparation-a-lechelle-nationale\/"},"modified":"2021-09-09T15:41:23","modified_gmt":"2021-09-09T19:41:23","slug":"service-et-reparation-a-lechelle-nationale","status":"publish","type":"page","link":"https:\/\/www.panoston.ca\/fr\/service-et-reparation-a-lechelle-nationale\/","title":{"rendered":"Service et r\u00e9paration \u00e0 l&rsquo;\u00e9chelle nationale"},"content":{"rendered":"<div id=\"pl-1600\"  class=\"panel-layout\" ><div id=\"pg-1600-0\"  class=\"panel-grid panel-has-style\" ><div class=\"siteorigin-panels-stretch panel-row-style panel-row-style-for-1600-0\" data-stretch-type=\"full\" ><div id=\"pgc-1600-0-0\"  class=\"panel-grid-cell\" ><div class=\"panel-cell-style panel-cell-style-for-1600-0-0\" ><div id=\"panel-1600-0-0-0\" class=\"so-panel widget widget_sow-editor panel-first-child panel-last-child\" data-index=\"0\" ><div\n\t\t\t\n\t\t\tclass=\"so-widget-sow-editor so-widget-sow-editor-base\"\n\t\t\t\n\t\t>\n<div class=\"siteorigin-widget-tinymce textwidget\">\n\t<p>Renseignez-vous sur la garantie d'usine compl\u00e8te sur les pi\u00e8ces de rechange lorsqu'elles sont install\u00e9es par nos soins.<\/p>\n<p>660, promenade Neal<br \/>\nPeterborough (Ontario)<br \/>\nK9J 6X7<br \/>\nCanada<\/p>\n<p><span class=\"smallText\">COURRIEL<\/span><br \/>\n<a href=\"mailto:info@panoston.ca\" class=\"blueText largeLink\"><strong>info@panoston.ca<\/strong><\/a><br \/>\n<span class=\"smallText\">SANS FRAIS<\/span><br \/>\n<a href=\"tel:+18005639182\" class=\"blueText largeLink\"><strong>1.800.563.9182<\/strong><\/a><br \/>\n<span class=\"smallText\">T\u00c9L\u00c9PHONE<\/span><br \/>\n<a href=\"tel:+17057484811\" class=\"blueText largeLink\"><strong>705.748.4811<\/strong><\/a><\/p>\n<\/div>\n<\/div><\/div><\/div><\/div><div id=\"pgc-1600-0-1\"  class=\"panel-grid-cell\" ><div id=\"panel-1600-0-1-0\" class=\"so-panel widget widget_sow-image panel-first-child panel-last-child\" data-index=\"1\" ><div\n\t\t\t\n\t\t\tclass=\"so-widget-sow-image so-widget-sow-image-default-8b5b6f678277-1600\"\n\t\t\t\n\t\t>\n<div class=\"sow-image-container\">\n\t\t<img \n\tsrc=\"https:\/\/www.panoston.ca\/wp-content\/uploads\/2021\/09\/service-large.jpg\" width=\"1280\" height=\"960\" srcset=\"https:\/\/www.panoston.ca\/wp-content\/uploads\/2021\/09\/service-large.jpg 1280w, https:\/\/www.panoston.ca\/wp-content\/uploads\/2021\/09\/service-large-600x450.jpg 600w, https:\/\/www.panoston.ca\/wp-content\/uploads\/2021\/09\/service-large-300x225.jpg 300w, https:\/\/www.panoston.ca\/wp-content\/uploads\/2021\/09\/service-large-1024x768.jpg 1024w, https:\/\/www.panoston.ca\/wp-content\/uploads\/2021\/09\/service-large-768x576.jpg 768w, https:\/\/www.panoston.ca\/wp-content\/uploads\/2021\/09\/service-large-500x375.jpg 500w, https:\/\/www.panoston.ca\/wp-content\/uploads\/2021\/09\/service-large-250x188.jpg 250w\" sizes=\"(max-width: 1280px) 100vw, 1280px\" alt=\"\" \t\tclass=\"so-widget-image\"\/>\n\t<\/div>\n\n<\/div><\/div><\/div><\/div><\/div><div id=\"pg-1600-1\"  class=\"panel-grid panel-no-style\" ><div id=\"pgc-1600-1-0\"  class=\"panel-grid-cell\" ><div id=\"panel-1600-1-0-0\" class=\"so-panel widget widget_sow-editor panel-first-child\" data-index=\"2\" ><div\n\t\t\t\n\t\t\tclass=\"so-widget-sow-editor so-widget-sow-editor-base\"\n\t\t\t\n\t\t>\n<div class=\"siteorigin-widget-tinymce textwidget\">\n\t<p style=\"text-align: left;\">Service fiable et assistance technique <strong>depuis plus de quarante ans<\/strong>.<\/p>\n<\/div>\n<\/div><\/div><div id=\"panel-1600-1-0-1\" class=\"so-panel widget widget_sow-editor panel-last-child\" data-index=\"3\" ><div\n\t\t\t\n\t\t\tclass=\"so-widget-sow-editor so-widget-sow-editor-base\"\n\t\t\t\n\t\t>\n<div class=\"siteorigin-widget-tinymce textwidget\">\n\t<p style=\"text-align: left;\">Aucun projet n'est trop grand, trop petit ou trop complexe pour que nous puissions le g\u00e9rer partout au Canada. <strong>Plus de 100 centres de service autoris\u00e9s d'un oc\u00e9an \u00e0 l'autre.<\/strong><\/p>\n<\/div>\n<\/div><\/div><\/div><div id=\"pgc-1600-1-1\"  class=\"panel-grid-cell\" ><div id=\"panel-1600-1-1-0\" class=\"so-panel widget widget_sow-editor panel-first-child\" data-index=\"4\" ><div\n\t\t\t\n\t\t\tclass=\"so-widget-sow-editor so-widget-sow-editor-base\"\n\t\t\t\n\t\t>\n<div class=\"siteorigin-widget-tinymce textwidget\">\n\t<p style=\"text-align: center;\">\u00ab Le service a \u00e9t\u00e9 rapide, tout fonctionnait une fois termin\u00e9. Tr\u00e8s satisfait. \u00bb<\/p>\n<p style=\"text-align: center;\"><strong><em>Fermes Remark<\/em><\/strong><\/p>\n<\/div>\n<\/div><\/div><div id=\"panel-1600-1-1-1\" class=\"so-panel widget widget_sow-editor panel-last-child\" data-index=\"5\" ><div\n\t\t\t\n\t\t\tclass=\"so-widget-sow-editor so-widget-sow-editor-base\"\n\t\t\t\n\t\t>\n<div class=\"siteorigin-widget-tinymce textwidget\">\n\t<p style=\"text-align: center;\">\u00ab J'ai appel\u00e9 et quelqu'un a r\u00e9pondu tout de suite, ils avaient des r\u00e9ponses \u00e0 toutes mes questions ! Ensuite, ils sont venus, ont install\u00e9 et ont tout v\u00e9rifi\u00e9. Je suis tr\u00e8s satisfait des r\u00e9sultats et je recommanderai certainement Pan-Oston pour le service. \u00bb<\/p>\n<p style=\"text-align: center;\"><strong><em>Durante No frills - North York ON<\/em><\/strong><\/p>\n<\/div>\n<\/div><\/div><\/div><\/div><div id=\"pg-1600-2\"  class=\"panel-grid panel-has-style\" ><div class=\"siteorigin-panels-stretch panel-row-style panel-row-style-for-1600-2\" data-stretch-type=\"full\" ><div id=\"pgc-1600-2-0\"  class=\"panel-grid-cell\" ><div id=\"panel-1600-2-0-0\" class=\"so-panel widget widget_sow-editor panel-first-child panel-last-child\" data-index=\"6\" ><div\n\t\t\t\n\t\t\tclass=\"so-widget-sow-editor so-widget-sow-editor-base\"\n\t\t\t\n\t\t>\n<div class=\"siteorigin-widget-tinymce textwidget\">\n\t<h3>Planification<\/h3>\n<p>Pan Oston a pass\u00e9 des ann\u00e9es \u00e0 embaucher et \u00e0 former une \u00e9quipe ax\u00e9e sur les solutions, capable de transformer les plus petites id\u00e9es en un produit final ex\u00e9cutable.<\/p>\n<\/div>\n<\/div><\/div><\/div><div id=\"pgc-1600-2-1\"  class=\"panel-grid-cell\" ><div id=\"panel-1600-2-1-0\" class=\"so-panel widget widget_sow-editor panel-first-child panel-last-child\" data-index=\"7\" ><div\n\t\t\t\n\t\t\tclass=\"so-widget-sow-editor so-widget-sow-editor-base\"\n\t\t\t\n\t\t>\n<div class=\"siteorigin-widget-tinymce textwidget\">\n\t<h3>Coordination et suivi<\/h3>\n<p>\u00ab Pan Oston est une entreprise \"cl\u00e9 en main\", nous g\u00e9rons tous les aspects de votre entreprise, de la conception interne de votre projet \u00e0 la fabrication, la livraison et l'ex\u00e9cution\u2026 notre \u00e9quipe d'installation professionnelle est la meilleure qui soit. C'est le r\u00e9sultat d'une efficacit\u00e9 planifi\u00e9e \u00bb.<\/p>\n<p><em><strong>Greg Butler \u2013 Pr\u00e9sident<\/strong><\/em><\/p>\n<\/div>\n<\/div><\/div><\/div><\/div><\/div><div id=\"pg-1600-3\"  class=\"panel-grid panel-has-style\" ><div class=\"siteorigin-panels-stretch panel-row-style panel-row-style-for-1600-3\" data-stretch-type=\"full\" ><div id=\"pgc-1600-3-0\"  class=\"panel-grid-cell\" ><div id=\"panel-1600-3-0-0\" class=\"so-panel widget widget_wd-button-widget panel-first-child\" data-index=\"8\" ><div\n\t\t\t\n\t\t\tclass=\"so-widget-wd-button-widget so-widget-wd-button-widget-dynamic_styles-3bfd45c2bff7-1600\"\n\t\t\t\n\t\t><div class=\"wd-widget-button-wrapper wd-button-align-center wd-button-style-solid wd-button-size-medium wd-button-has-content-false\"><div class=\"wd-widget-button\"><a href=\"https:\/\/www.panoston.ca\/installation-instructions\/\" target=\"_self\"><span class=\"wd-button-label\">Installation Instructions<\/span><\/a><\/div><\/div><\/div><\/div><div id=\"panel-1600-3-0-1\" class=\"so-panel widget widget_sow-editor panel-last-child\" data-index=\"9\" ><div\n\t\t\t\n\t\t\tclass=\"so-widget-sow-editor so-widget-sow-editor-base\"\n\t\t\t\n\t\t>\n<div class=\"siteorigin-widget-tinymce textwidget\">\n\t<p style=\"text-align: center;\">Cliquez sur le lien ci-dessus pour les instructions d'installation ou appelez le service au <a href=\"tel:+18005639182\">800-563-9182<\/a> poste 238 pour planifier une installation professionnelle.<\/p>\n<\/div>\n<\/div><\/div><\/div><\/div><\/div><div id=\"pg-1600-4\"  class=\"panel-grid panel-has-style\" ><div class=\"siteorigin-panels-stretch panel-row-style panel-row-style-for-1600-4\" data-stretch-type=\"full\" ><div id=\"pgc-1600-4-0\"  class=\"panel-grid-cell\" ><div id=\"panel-1600-4-0-0\" class=\"so-panel widget widget_sow-editor panel-first-child panel-last-child\" data-index=\"10\" ><div\n\t\t\t\n\t\t\tclass=\"so-widget-sow-editor so-widget-sow-editor-base\"\n\t\t\t\n\t\t>\n<div class=\"siteorigin-widget-tinymce textwidget\">\n\t<h3>Ce qu'il faut faire pour pr\u00e9parer votre livraison\/installation<\/h3>\n<p>Assurez-vous que votre quai ou porte de livraison soit d\u00e9gag\u00e9 pour vos nouvelles caisses<\/p>\n<p>Veillez \u00e0 ce qu'il y ait un chemin d\u00e9gag\u00e9 vers l'emplacement des caisses<\/p>\n<p>La zone des caisses doit \u00eatre propre et exempte de tout d\u00e9bris<\/p>\n<p>Pr\u00e9parez les lignes d'alimentation et de donn\u00e9es pour qu'elles remontent sous la caisse ou descendent du plafond<\/p>\n<\/div>\n<\/div><\/div><\/div><div id=\"pgc-1600-4-1\"  class=\"panel-grid-cell\" ><div id=\"panel-1600-4-1-0\" class=\"so-panel widget widget_sow-editor panel-first-child\" data-index=\"11\" ><div\n\t\t\t\n\t\t\tclass=\"so-widget-sow-editor so-widget-sow-editor-base\"\n\t\t\t\n\t\t>\n<div class=\"siteorigin-widget-tinymce textwidget\">\n\t<h3>Ce que nous faisons pour la r\u00e9paration, la garantie et le service<\/h3>\n<p>Nous installons, entretenons et r\u00e9parons les caisses dans tout le Canada gr\u00e2ce \u00e0 notre r\u00e9seau de service national.<\/p>\n<\/div>\n<\/div><\/div><div id=\"panel-1600-4-1-1\" class=\"so-panel widget widget_wd-button-widget panel-last-child\" data-index=\"12\" ><div\n\t\t\t\n\t\t\tclass=\"so-widget-wd-button-widget so-widget-wd-button-widget-dynamic_styles-3bfd45c2bff7-1600\"\n\t\t\t\n\t\t><div class=\"wd-widget-button-wrapper wd-button-align-center wd-button-style-solid wd-button-size-medium wd-button-has-content-false\"><div class=\"wd-widget-button\"><a href=\"https:\/\/www.panoston.ca\/wp-content\/uploads\/2022\/04\/Warranty_April_2022_Update.pdf\" target=\"_blank\"><span class=\"wd-button-label\">View Warranty Information<\/span><\/a><\/div><\/div><\/div><\/div><\/div><\/div><\/div><div id=\"pg-1600-5\"  class=\"panel-grid panel-no-style\" ><div id=\"pgc-1600-5-0\"  class=\"panel-grid-cell\" ><div id=\"panel-1600-5-0-0\" class=\"so-panel widget widget_sow-editor panel-first-child\" data-index=\"13\" ><div\n\t\t\t\n\t\t\tclass=\"so-widget-sow-editor so-widget-sow-editor-base\"\n\t\t\t\n\t\t>\n<div class=\"siteorigin-widget-tinymce textwidget\">\n\t<h2 style=\"text-align: center;\">Pi\u00e8ces<\/h2>\n<\/div>\n<\/div><\/div><div id=\"panel-1600-5-0-1\" class=\"so-panel widget widget_wd-button-widget\" data-index=\"14\" ><div\n\t\t\t\n\t\t\tclass=\"so-widget-wd-button-widget so-widget-wd-button-widget-dynamic_styles-3bfd45c2bff7-1600\"\n\t\t\t\n\t\t><div class=\"wd-widget-button-wrapper wd-button-align-center wd-button-style-solid wd-button-size-medium wd-button-has-content-false\"><div class=\"wd-widget-button\"><a href=\"https:\/\/www.panoston.ca\/shop\/\" target=\"_self\"><span class=\"wd-button-label\">Order Parts Online<\/span><\/a><\/div><\/div><\/div><\/div><div id=\"panel-1600-5-0-2\" class=\"so-panel widget widget_siteorigin-panels-builder panel-last-child\" data-index=\"15\" ><div id=\"pl-w614e126d2a861\"  class=\"panel-layout\" ><div id=\"pg-w614e126d2a861-0\"  class=\"panel-grid panel-no-style\" ><div id=\"pgc-w614e126d2a861-0-0\"  class=\"panel-grid-cell\" ><div id=\"panel-w614e126d2a861-0-0-0\" class=\"so-panel widget widget_sow-editor panel-first-child panel-last-child\" data-index=\"0\" ><div\n\t\t\t\n\t\t\tclass=\"so-widget-sow-editor so-widget-sow-editor-base\"\n\t\t\t\n\t\t>\n<div class=\"siteorigin-widget-tinymce textwidget\">\n\t<p>Renseignez-vous sur la garantie d'usine compl\u00e8te sur les pi\u00e8ces de rechange lorsqu'elles sont install\u00e9es par nos soins.<\/p>\n<p>660, promenade Neal<br \/>\nPeterborough (Ontario)<br \/>\nK9J 6X7<br \/>\nCanada<\/p>\n<p><span class=\"smallText\">COURRIEL<\/span><br \/>\n<a href=\"mailto:info@panoston.ca\" class=\"blueText largeLink\"><strong>info@panoston.ca<\/strong><\/a><br \/>\n<span class=\"smallText\">SANS FRAIS<\/span><br \/>\n<a href=\"tel:+18005639182\" class=\"blueText largeLink\"><strong>1.800.563.9182<\/strong><\/a><br \/>\n<span class=\"smallText\">T\u00c9L\u00c9PHONE<\/span><br \/>\n<a href=\"tel:+17057484811\" class=\"blueText largeLink\"><strong>705.748.4811<\/strong><\/a><\/p>\n<\/div>\n<\/div><\/div><\/div><div id=\"pgc-w614e126d2a861-0-1\"  class=\"panel-grid-cell\" ><div id=\"panel-w614e126d2a861-0-1-0\" class=\"widget_text so-panel widget widget_custom_html panel-first-child panel-last-child\" data-index=\"1\" ><div class=\"widget_text contactForm panel-widget-style panel-widget-style-for-w614e126d2a861-0-1-0\" ><div class=\"textwidget custom-html-widget\"><form class=\"af-form acf-form\" method=\"POST\" action=\"https:\/\/www.panoston.ca\/fr\/wp-json\/wp\/v2\/pages\/1600\" id=\"form_6143ae2b2d905\" data-key=\"form_6143ae2b2d905\" data-ajax=\"1\" data-recaptcha-site-key=\"\"><div class=\"af-fields acf-fields acf-form-fields -top\">\t<div id=\"acf-form-data\" class=\"acf-hidden\">\n\t\t<input type=\"hidden\" id=\"_acf_screen\" name=\"_acf_screen\" value=\"acf_form\"\/><input type=\"hidden\" id=\"_acf_post_id\" name=\"_acf_post_id\" value=\"0\"\/><input type=\"hidden\" id=\"_acf_validation\" name=\"_acf_validation\" value=\"1\"\/><input type=\"hidden\" id=\"_acf_form\" name=\"_acf_form\" value=\"0\"\/><input type=\"hidden\" id=\"_acf_nonce\" name=\"_acf_nonce\" value=\"5c2ec2aa14\"\/><input type=\"hidden\" id=\"_acf_changed\" name=\"_acf_changed\" value=\"0\"\/><input type=\"hidden\" id=\"_acf_location[af_form]\" name=\"_acf_location[af_form]\" value=\"form_6143ae2b2d905\"\/>\t<\/div>\n\t<div class=\"acf-hidden\"><input type=\"hidden\" name=\"_acfnonce\" value=\"1af3f283ff\"><input type=\"hidden\" name=\"nonce\" value=\"1af3f283ff\"><input type=\"hidden\" name=\"af_form\" value=\"form_6143ae2b2d905\"><input type=\"hidden\" name=\"af_form_args\" value=\"eyJhamF4IjoiMSIsImRpc3BsYXlfdGl0bGUiOmZhbHNlLCJkaXNwbGF5X2Rlc2NyaXB0aW9uIjpmYWxzZSwiaWQiOiJmb3JtXzYxNDNhZTJiMmQ5MDUiLCJ2YWx1ZXMiOltdLCJzdWJtaXRfdGV4dCI6IlNlbmQiLCJyZWRpcmVjdCI6bnVsbCwidGFyZ2V0IjoiaHR0cHM6XC9cL3d3dy5wYW5vc3Rvbi5jYVwvZnJcL3dwLWpzb25cL3dwXC92MlwvcGFnZXNcLzE2MDAiLCJlY2hvIjp0cnVlLCJleGNsdWRlX2ZpZWxkcyI6W10sInVwbG9hZGVyIjoid3AiLCJmaWx0ZXJfbW9kZSI6ZmFsc2UsImxhYmVsX3BsYWNlbWVudCI6InRvcCIsImluc3RydWN0aW9uX3BsYWNlbWVudCI6ImxhYmVsIiwiaG9uZXlwb3QiOnRydWV9\"><input type=\"hidden\" name=\"_acf_form\" value=\"eyJhamF4IjoiMSIsImRpc3BsYXlfdGl0bGUiOmZhbHNlLCJkaXNwbGF5X2Rlc2NyaXB0aW9uIjpmYWxzZSwiaWQiOiJmb3JtXzYxNDNhZTJiMmQ5MDUiLCJ2YWx1ZXMiOltdLCJzdWJtaXRfdGV4dCI6IlNlbmQiLCJyZWRpcmVjdCI6bnVsbCwidGFyZ2V0IjoiaHR0cHM6XC9cL3d3dy5wYW5vc3Rvbi5jYVwvZnJcL3dwLWpzb25cL3dwXC92MlwvcGFnZXNcLzE2MDAiLCJlY2hvIjp0cnVlLCJleGNsdWRlX2ZpZWxkcyI6W10sInVwbG9hZGVyIjoid3AiLCJmaWx0ZXJfbW9kZSI6ZmFsc2UsImxhYmVsX3BsYWNlbWVudCI6InRvcCIsImluc3RydWN0aW9uX3BsYWNlbWVudCI6ImxhYmVsIiwiaG9uZXlwb3QiOnRydWV9\"><input type=\"hidden\" name=\"af_form_nonce\" value=\"9af9a0dc50\"><label for=\"af_email_for_non_humans_form_6143ae2b2d905\" aria-hidden=\"true\">Email for non-humans<\/label><input type=\"text\" name=\"email_for_non_humans\" id=\"af_email_for_non_humans_form_6143ae2b2d905\" tabindex=\"-1\" autocomplete=\"off\" \/><input type=\"hidden\" name=\"af_origin_url\" value=\"https:\/\/www.panoston.ca\/fr\/wp-json\/wp\/v2\/pages\/1600\" \/><\/div><div class=\"halfWidthLeft af-field af-field-type-text af-field-first-name acf-field acf-field-text acf-field-6143ae7bc28c9 af-field-required\" data-name=\"first_name\" data-key=\"field_6143ae7bc28c9\" data-type=\"text\"><div class=\"af-label acf-label\"><label for=\"acf-field_6143ae7bc28c9\">First Name <span class=\"acf-required\">*<\/span><\/label><\/div><div class=\"af-input acf-input\"><div class=\"acf-input-wrap\"><input type=\"text\" id=\"acf-field_6143ae7bc28c9\" name=\"acf[field_6143ae7bc28c9]\" placeholder=\"First Name\" required=\"required\"\/><\/div><\/div><\/div><div class=\"halfWidthRight af-field af-field-type-text af-field-last-name acf-field acf-field-text acf-field-6143ae88c28ca af-field-required\" data-name=\"last_name\" data-key=\"field_6143ae88c28ca\" data-type=\"text\"><div class=\"af-label acf-label\"><label for=\"acf-field_6143ae88c28ca\">Last Name <span class=\"acf-required\">*<\/span><\/label><\/div><div class=\"af-input acf-input\"><div class=\"acf-input-wrap\"><input type=\"text\" id=\"acf-field_6143ae88c28ca\" name=\"acf[field_6143ae88c28ca]\" placeholder=\"Last Name\" required=\"required\"\/><\/div><\/div><\/div><div class=\"af-field af-field-type-email af-field-email acf-field acf-field-email acf-field-6143ae95c28cb af-field-required\" data-name=\"email\" data-key=\"field_6143ae95c28cb\" data-type=\"email\"><div class=\"af-label acf-label\"><label for=\"acf-field_6143ae95c28cb\">Email <span class=\"acf-required\">*<\/span><\/label><\/div><div class=\"af-input acf-input\"><div class=\"acf-input-wrap\"><input type=\"email\" id=\"acf-field_6143ae95c28cb\" name=\"acf[field_6143ae95c28cb]\" placeholder=\"Email\" required=\"required\"\/><\/div><\/div><\/div><div class=\"af-field af-field-type-text af-field-phone-number acf-field acf-field-text acf-field-65b28965123ae\" data-name=\"phone_number\" data-key=\"field_65b28965123ae\" data-type=\"text\"><div class=\"af-label acf-label\"><label for=\"acf-field_65b28965123ae\">Phone Number<\/label><\/div><div class=\"af-input acf-input\"><div class=\"acf-input-wrap\"><input type=\"text\" id=\"acf-field_65b28965123ae\" name=\"acf[field_65b28965123ae]\" placeholder=\"Phone Number\"\/><\/div><\/div><\/div><div class=\"af-field af-field-type-textarea af-field-message acf-field acf-field-textarea acf-field-6143aea1c28cc af-field-required\" data-name=\"message\" data-key=\"field_6143aea1c28cc\" data-type=\"textarea\"><div class=\"af-label acf-label\"><label for=\"acf-field_6143aea1c28cc\">Message <span class=\"acf-required\">*<\/span><\/label><\/div><div class=\"af-input acf-input\"><textarea id=\"acf-field_6143aea1c28cc\" name=\"acf[field_6143aea1c28cc]\" placeholder=\"Message\" rows=\"8\" required=\"required\"><\/textarea><\/div><\/div><div class=\"af-submit acf-form-submit\"><button type=\"submit\" class=\"acf-button af-submit-button\">Send<\/button><span class=\"acf-spinner af-spinner\"><\/span><\/div><\/div><\/form><\/div><\/div><\/div><\/div><\/div><\/div><\/div><\/div><\/div><div id=\"pg-1600-6\"  class=\"panel-grid panel-has-style\" ><div class=\"siteorigin-panels-stretch panel-row-style panel-row-style-for-1600-6\" data-stretch-type=\"full-width-stretch\" ><div id=\"pgc-1600-6-0\"  class=\"panel-grid-cell\" ><div id=\"panel-1600-6-0-0\" class=\"so-panel widget widget_sow-image panel-first-child panel-last-child\" data-index=\"16\" ><div\n\t\t\t\n\t\t\tclass=\"so-widget-sow-image so-widget-sow-image-default-a258e6bfa2d8-1600\"\n\t\t\t\n\t\t>\n<div class=\"sow-image-container\">\n\t\t<img \n\tsrc=\"https:\/\/www.panoston.ca\/wp-content\/uploads\/2021\/09\/pan-oston-location.jpg\" width=\"1920\" height=\"720\" srcset=\"https:\/\/www.panoston.ca\/wp-content\/uploads\/2021\/09\/pan-oston-location.jpg 1920w, https:\/\/www.panoston.ca\/wp-content\/uploads\/2021\/09\/pan-oston-location-600x225.jpg 600w, https:\/\/www.panoston.ca\/wp-content\/uploads\/2021\/09\/pan-oston-location-300x113.jpg 300w, https:\/\/www.panoston.ca\/wp-content\/uploads\/2021\/09\/pan-oston-location-1024x384.jpg 1024w, https:\/\/www.panoston.ca\/wp-content\/uploads\/2021\/09\/pan-oston-location-768x288.jpg 768w, https:\/\/www.panoston.ca\/wp-content\/uploads\/2021\/09\/pan-oston-location-1536x576.jpg 1536w, https:\/\/www.panoston.ca\/wp-content\/uploads\/2021\/09\/pan-oston-location-500x188.jpg 500w, https:\/\/www.panoston.ca\/wp-content\/uploads\/2021\/09\/pan-oston-location-250x94.jpg 250w\" sizes=\"(max-width: 1920px) 100vw, 1920px\" alt=\"\" \t\tclass=\"so-widget-image\"\/>\n\t<\/div>\n\n<\/div><\/div><\/div><\/div><\/div><\/div>","protected":false},"excerpt":{"rendered":"<p>Renseignez-vous sur la garantie d&rsquo;usine compl\u00e8te sur les pi\u00e8ces de rechange lorsqu&rsquo;elles sont install\u00e9es par nos soins. 660, promenade Neal Peterborough (Ontario) K9J 6X7 Canada COURRIEL info@panoston.ca SANS FRAIS 1.800.563.9182 T\u00c9L\u00c9PHONE 705.748.4811 Service fiable et assistance technique depuis plus de quarante ans. Aucun projet n&rsquo;est trop grand, trop petit ou trop complexe pour que nous [&hellip;]<\/p>\n","protected":false},"author":1,"featured_media":0,"parent":0,"menu_order":30,"comment_status":"closed","ping_status":"closed","template":"","meta":{"_acf_changed":false,"footnotes":""},"class_list":["post-1600","page","type-page","status-publish","hentry"],"acf":[],"yoast_head":"<!-- This site is optimized with the Yoast SEO plugin v27.5 - https:\/\/yoast.com\/product\/yoast-seo-wordpress\/ -->\n<title>Service et r\u00e9paration \u00e0 l&#039;\u00e9chelle nationale - Pan-Oston Ltd<\/title>\n<meta name=\"robots\" content=\"index, follow, max-snippet:-1, max-image-preview:large, max-video-preview:-1\" \/>\n<link rel=\"canonical\" href=\"https:\/\/www.panoston.ca\/fr\/service-et-reparation-a-lechelle-nationale\/\" \/>\n<meta property=\"og:locale\" content=\"fr_FR\" \/>\n<meta property=\"og:type\" content=\"article\" \/>\n<meta property=\"og:title\" content=\"Service et r\u00e9paration \u00e0 l&#039;\u00e9chelle nationale - Pan-Oston Ltd\" \/>\n<meta property=\"og:description\" content=\"Renseignez-vous sur la garantie d&#039;usine compl\u00e8te sur les pi\u00e8ces de rechange lorsqu&#039;elles sont install\u00e9es par nos soins. 660, promenade Neal Peterborough (Ontario) K9J 6X7 Canada COURRIEL info@panoston.ca SANS FRAIS 1.800.563.9182 T\u00c9L\u00c9PHONE 705.748.4811 Service fiable et assistance technique depuis plus de quarante ans. Aucun projet n&#039;est trop grand, trop petit ou trop complexe pour que nous [&hellip;]\" \/>\n<meta property=\"og:url\" content=\"https:\/\/www.panoston.ca\/fr\/service-et-reparation-a-lechelle-nationale\/\" \/>\n<meta property=\"og:site_name\" content=\"Pan-Oston Ltd\" \/>\n<meta name=\"twitter:card\" content=\"summary_large_image\" \/>\n<script type=\"application\/ld+json\" class=\"yoast-schema-graph\">{\"@context\":\"https:\\\/\\\/schema.org\",\"@graph\":[{\"@type\":\"WebPage\",\"@id\":\"https:\\\/\\\/www.panoston.ca\\\/fr\\\/service-et-reparation-a-lechelle-nationale\\\/\",\"url\":\"https:\\\/\\\/www.panoston.ca\\\/fr\\\/service-et-reparation-a-lechelle-nationale\\\/\",\"name\":\"Service et r\u00e9paration \u00e0 l'\u00e9chelle nationale - Pan-Oston Ltd\",\"isPartOf\":{\"@id\":\"https:\\\/\\\/www.panoston.ca\\\/fr\\\/#website\"},\"datePublished\":\"2021-09-09T19:41:23+00:00\",\"breadcrumb\":{\"@id\":\"https:\\\/\\\/www.panoston.ca\\\/fr\\\/service-et-reparation-a-lechelle-nationale\\\/#breadcrumb\"},\"inLanguage\":\"fr-FR\",\"potentialAction\":[{\"@type\":\"ReadAction\",\"target\":[\"https:\\\/\\\/www.panoston.ca\\\/fr\\\/service-et-reparation-a-lechelle-nationale\\\/\"]}]},{\"@type\":\"BreadcrumbList\",\"@id\":\"https:\\\/\\\/www.panoston.ca\\\/fr\\\/service-et-reparation-a-lechelle-nationale\\\/#breadcrumb\",\"itemListElement\":[{\"@type\":\"ListItem\",\"position\":1,\"name\":\"Home\",\"item\":\"https:\\\/\\\/www.panoston.ca\\\/fr\\\/\"},{\"@type\":\"ListItem\",\"position\":2,\"name\":\"Service et r\u00e9paration \u00e0 l&#8217;\u00e9chelle nationale\"}]},{\"@type\":\"WebSite\",\"@id\":\"https:\\\/\\\/www.panoston.ca\\\/fr\\\/#website\",\"url\":\"https:\\\/\\\/www.panoston.ca\\\/fr\\\/\",\"name\":\"Pan-Oston Ltd\",\"description\":\"\",\"potentialAction\":[{\"@type\":\"SearchAction\",\"target\":{\"@type\":\"EntryPoint\",\"urlTemplate\":\"https:\\\/\\\/www.panoston.ca\\\/fr\\\/?s={search_term_string}\"},\"query-input\":{\"@type\":\"PropertyValueSpecification\",\"valueRequired\":true,\"valueName\":\"search_term_string\"}}],\"inLanguage\":\"fr-FR\"}]}<\/script>\n<!-- \/ Yoast SEO plugin. -->","yoast_head_json":{"title":"Service et r\u00e9paration \u00e0 l'\u00e9chelle nationale - Pan-Oston Ltd","robots":{"index":"index","follow":"follow","max-snippet":"max-snippet:-1","max-image-preview":"max-image-preview:large","max-video-preview":"max-video-preview:-1"},"canonical":"https:\/\/www.panoston.ca\/fr\/service-et-reparation-a-lechelle-nationale\/","og_locale":"fr_FR","og_type":"article","og_title":"Service et r\u00e9paration \u00e0 l'\u00e9chelle nationale - Pan-Oston Ltd","og_description":"Renseignez-vous sur la garantie d'usine compl\u00e8te sur les pi\u00e8ces de rechange lorsqu'elles sont install\u00e9es par nos soins. 660, promenade Neal Peterborough (Ontario) K9J 6X7 Canada COURRIEL info@panoston.ca SANS FRAIS 1.800.563.9182 T\u00c9L\u00c9PHONE 705.748.4811 Service fiable et assistance technique depuis plus de quarante ans. Aucun projet n'est trop grand, trop petit ou trop complexe pour que nous [&hellip;]","og_url":"https:\/\/www.panoston.ca\/fr\/service-et-reparation-a-lechelle-nationale\/","og_site_name":"Pan-Oston Ltd","twitter_card":"summary_large_image","schema":{"@context":"https:\/\/schema.org","@graph":[{"@type":"WebPage","@id":"https:\/\/www.panoston.ca\/fr\/service-et-reparation-a-lechelle-nationale\/","url":"https:\/\/www.panoston.ca\/fr\/service-et-reparation-a-lechelle-nationale\/","name":"Service et r\u00e9paration \u00e0 l'\u00e9chelle nationale - Pan-Oston Ltd","isPartOf":{"@id":"https:\/\/www.panoston.ca\/fr\/#website"},"datePublished":"2021-09-09T19:41:23+00:00","breadcrumb":{"@id":"https:\/\/www.panoston.ca\/fr\/service-et-reparation-a-lechelle-nationale\/#breadcrumb"},"inLanguage":"fr-FR","potentialAction":[{"@type":"ReadAction","target":["https:\/\/www.panoston.ca\/fr\/service-et-reparation-a-lechelle-nationale\/"]}]},{"@type":"BreadcrumbList","@id":"https:\/\/www.panoston.ca\/fr\/service-et-reparation-a-lechelle-nationale\/#breadcrumb","itemListElement":[{"@type":"ListItem","position":1,"name":"Home","item":"https:\/\/www.panoston.ca\/fr\/"},{"@type":"ListItem","position":2,"name":"Service et r\u00e9paration \u00e0 l&#8217;\u00e9chelle nationale"}]},{"@type":"WebSite","@id":"https:\/\/www.panoston.ca\/fr\/#website","url":"https:\/\/www.panoston.ca\/fr\/","name":"Pan-Oston Ltd","description":"","potentialAction":[{"@type":"SearchAction","target":{"@type":"EntryPoint","urlTemplate":"https:\/\/www.panoston.ca\/fr\/?s={search_term_string}"},"query-input":{"@type":"PropertyValueSpecification","valueRequired":true,"valueName":"search_term_string"}}],"inLanguage":"fr-FR"}]}},"_links":{"self":[{"href":"https:\/\/www.panoston.ca\/fr\/wp-json\/wp\/v2\/pages\/1600","targetHints":{"allow":["GET"]}}],"collection":[{"href":"https:\/\/www.panoston.ca\/fr\/wp-json\/wp\/v2\/pages"}],"about":[{"href":"https:\/\/www.panoston.ca\/fr\/wp-json\/wp\/v2\/types\/page"}],"author":[{"embeddable":true,"href":"https:\/\/www.panoston.ca\/fr\/wp-json\/wp\/v2\/users\/1"}],"replies":[{"embeddable":true,"href":"https:\/\/www.panoston.ca\/fr\/wp-json\/wp\/v2\/comments?post=1600"}],"version-history":[{"count":0,"href":"https:\/\/www.panoston.ca\/fr\/wp-json\/wp\/v2\/pages\/1600\/revisions"}],"wp:attachment":[{"href":"https:\/\/www.panoston.ca\/fr\/wp-json\/wp\/v2\/media?parent=1600"}],"curies":[{"name":"wp","href":"https:\/\/api.w.org\/{rel}","templated":true}]}}