{"id":1613,"date":"2021-09-09T15:46:17","date_gmt":"2021-09-09T19:46:17","guid":{"rendered":"https:\/\/panoston.ideasconnected.com\/produits\/comptoirs-modulaires-en-metal\/"},"modified":"2021-09-09T15:46:17","modified_gmt":"2021-09-09T19:46:17","slug":"comptoirs-modulaires-en-metal","status":"publish","type":"page","link":"https:\/\/www.panoston.ca\/fr\/produits\/comptoirs-modulaires-en-metal\/","title":{"rendered":"Comptoirs modulaires en m\u00e9tal"},"content":{"rendered":"<div id=\"pl-1613\"  class=\"panel-layout\" ><div id=\"pg-1613-0\"  class=\"panel-grid panel-has-style\" ><div class=\"siteorigin-panels-stretch panel-row-style panel-row-style-for-1613-0\" data-stretch-type=\"full\" ><div id=\"pgc-1613-0-0\"  class=\"panel-grid-cell\" ><div class=\"panel-cell-style panel-cell-style-for-1613-0-0\" ><div id=\"panel-1613-0-0-0\" class=\"so-panel widget widget_sow-editor panel-first-child panel-last-child\" data-index=\"0\" ><div\n\t\t\t\n\t\t\tclass=\"so-widget-sow-editor so-widget-sow-editor-base\"\n\t\t\t\n\t\t>\n<div class=\"siteorigin-widget-tinymce textwidget\">\n\t<h1>Comptoirs modulaires en m\u00e9tal<\/h1>\n<\/div>\n<\/div><\/div><\/div><\/div><\/div><\/div><div id=\"pg-1613-1\"  class=\"panel-grid panel-no-style\" ><div id=\"pgc-1613-1-0\"  class=\"panel-grid-cell\" >\n\t\t\t\t\t\t<div id=\"breadcrumbsWrapper\"><p id=\"breadcrumbs\"><span><span><a href=\"https:\/\/www.panoston.ca\/fr\/\">Home<\/a><\/span><\/span><\/div>\n\t\t\t\t\t\t<div id=\"panel-1613-1-0-0\" class=\"widget_text so-panel widget widget_custom_html panel-first-child panel-last-child\" data-index=\"1\" ><div class=\"textwidget custom-html-widget\"><\/div><\/div><\/div><\/div><div id=\"pg-1613-2\"  class=\"panel-grid panel-no-style\" ><div id=\"pgc-1613-2-0\"  class=\"panel-grid-cell\" ><div id=\"panel-1613-2-0-0\" class=\"so-panel widget widget_sow-editor panel-first-child panel-last-child\" data-index=\"2\" ><div\n\t\t\t\n\t\t\tclass=\"so-widget-sow-editor so-widget-sow-editor-base\"\n\t\t\t\n\t\t>\n<div class=\"siteorigin-widget-tinymce textwidget\">\n\t<p style=\"text-align: center;\"><strong>Nos comptoirs m\u00e9talliques modulaires offrent un niveau de personnalisation in\u00e9gal\u00e9 tout en garantissant la durabilit\u00e9 de notre construction en acier soud\u00e9.<\/strong><\/p>\n<\/div>\n<\/div><\/div><\/div><\/div><div id=\"pg-1613-3\"  class=\"panel-grid panel-no-style\" ><div id=\"pgc-1613-3-0\"  class=\"panel-grid-cell\" ><div id=\"panel-1613-3-0-0\" class=\"so-panel widget panel-first-child panel-last-child\" data-index=\"3\" ><\/div><\/div><\/div><\/div>","protected":false},"excerpt":{"rendered":"<p>Comptoirs modulaires en m\u00e9tal<\/p>\n","protected":false},"author":1,"featured_media":0,"parent":1448,"menu_order":40,"comment_status":"closed","ping_status":"closed","template":"","meta":{"_acf_changed":false,"footnotes":""},"class_list":["post-1613","page","type-page","status-publish","hentry"],"acf":[],"yoast_head":"<!-- This site is optimized with the Yoast SEO plugin v27.5 - https:\/\/yoast.com\/product\/yoast-seo-wordpress\/ -->\n<title>Comptoirs modulaires en m\u00e9tal - Pan-Oston Ltd<\/title>\n<meta name=\"robots\" content=\"index, follow, max-snippet:-1, max-image-preview:large, max-video-preview:-1\" \/>\n<link rel=\"canonical\" href=\"https:\/\/www.panoston.ca\/fr\/produits\/comptoirs-modulaires-en-metal\/\" \/>\n<meta property=\"og:locale\" content=\"fr_FR\" \/>\n<meta property=\"og:type\" content=\"article\" \/>\n<meta property=\"og:title\" content=\"Comptoirs modulaires en m\u00e9tal - Pan-Oston Ltd\" \/>\n<meta property=\"og:description\" content=\"Comptoirs modulaires en m\u00e9tal\" \/>\n<meta property=\"og:url\" content=\"https:\/\/www.panoston.ca\/fr\/produits\/comptoirs-modulaires-en-metal\/\" \/>\n<meta property=\"og:site_name\" content=\"Pan-Oston Ltd\" \/>\n<meta name=\"twitter:card\" content=\"summary_large_image\" \/>\n<script type=\"application\/ld+json\" class=\"yoast-schema-graph\">{\"@context\":\"https:\\\/\\\/schema.org\",\"@graph\":[{\"@type\":\"WebPage\",\"@id\":\"https:\\\/\\\/www.panoston.ca\\\/fr\\\/produits\\\/comptoirs-modulaires-en-metal\\\/\",\"url\":\"https:\\\/\\\/www.panoston.ca\\\/fr\\\/produits\\\/comptoirs-modulaires-en-metal\\\/\",\"name\":\"Comptoirs modulaires en m\u00e9tal - Pan-Oston Ltd\",\"isPartOf\":{\"@id\":\"https:\\\/\\\/www.panoston.ca\\\/fr\\\/#website\"},\"datePublished\":\"2021-09-09T19:46:17+00:00\",\"breadcrumb\":{\"@id\":\"https:\\\/\\\/www.panoston.ca\\\/fr\\\/produits\\\/comptoirs-modulaires-en-metal\\\/#breadcrumb\"},\"inLanguage\":\"fr-FR\",\"potentialAction\":[{\"@type\":\"ReadAction\",\"target\":[\"https:\\\/\\\/www.panoston.ca\\\/fr\\\/produits\\\/comptoirs-modulaires-en-metal\\\/\"]}]},{\"@type\":\"BreadcrumbList\",\"@id\":\"https:\\\/\\\/www.panoston.ca\\\/fr\\\/produits\\\/comptoirs-modulaires-en-metal\\\/#breadcrumb\",\"itemListElement\":[{\"@type\":\"ListItem\",\"position\":1,\"name\":\"Home\",\"item\":\"https:\\\/\\\/www.panoston.ca\\\/fr\\\/\"},{\"@type\":\"ListItem\",\"position\":2,\"name\":\"Produits\",\"item\":\"https:\\\/\\\/www.panoston.ca\\\/fr\\\/produits\\\/\"},{\"@type\":\"ListItem\",\"position\":3,\"name\":\"Comptoirs modulaires en m\u00e9tal\"}]},{\"@type\":\"WebSite\",\"@id\":\"https:\\\/\\\/www.panoston.ca\\\/fr\\\/#website\",\"url\":\"https:\\\/\\\/www.panoston.ca\\\/fr\\\/\",\"name\":\"Pan-Oston Ltd\",\"description\":\"\",\"potentialAction\":[{\"@type\":\"SearchAction\",\"target\":{\"@type\":\"EntryPoint\",\"urlTemplate\":\"https:\\\/\\\/www.panoston.ca\\\/fr\\\/?s={search_term_string}\"},\"query-input\":{\"@type\":\"PropertyValueSpecification\",\"valueRequired\":true,\"valueName\":\"search_term_string\"}}],\"inLanguage\":\"fr-FR\"}]}<\/script>\n<!-- \/ Yoast SEO plugin. -->","yoast_head_json":{"title":"Comptoirs modulaires en m\u00e9tal - Pan-Oston Ltd","robots":{"index":"index","follow":"follow","max-snippet":"max-snippet:-1","max-image-preview":"max-image-preview:large","max-video-preview":"max-video-preview:-1"},"canonical":"https:\/\/www.panoston.ca\/fr\/produits\/comptoirs-modulaires-en-metal\/","og_locale":"fr_FR","og_type":"article","og_title":"Comptoirs modulaires en m\u00e9tal - Pan-Oston Ltd","og_description":"Comptoirs modulaires en m\u00e9tal","og_url":"https:\/\/www.panoston.ca\/fr\/produits\/comptoirs-modulaires-en-metal\/","og_site_name":"Pan-Oston Ltd","twitter_card":"summary_large_image","schema":{"@context":"https:\/\/schema.org","@graph":[{"@type":"WebPage","@id":"https:\/\/www.panoston.ca\/fr\/produits\/comptoirs-modulaires-en-metal\/","url":"https:\/\/www.panoston.ca\/fr\/produits\/comptoirs-modulaires-en-metal\/","name":"Comptoirs modulaires en m\u00e9tal - Pan-Oston Ltd","isPartOf":{"@id":"https:\/\/www.panoston.ca\/fr\/#website"},"datePublished":"2021-09-09T19:46:17+00:00","breadcrumb":{"@id":"https:\/\/www.panoston.ca\/fr\/produits\/comptoirs-modulaires-en-metal\/#breadcrumb"},"inLanguage":"fr-FR","potentialAction":[{"@type":"ReadAction","target":["https:\/\/www.panoston.ca\/fr\/produits\/comptoirs-modulaires-en-metal\/"]}]},{"@type":"BreadcrumbList","@id":"https:\/\/www.panoston.ca\/fr\/produits\/comptoirs-modulaires-en-metal\/#breadcrumb","itemListElement":[{"@type":"ListItem","position":1,"name":"Home","item":"https:\/\/www.panoston.ca\/fr\/"},{"@type":"ListItem","position":2,"name":"Produits","item":"https:\/\/www.panoston.ca\/fr\/produits\/"},{"@type":"ListItem","position":3,"name":"Comptoirs modulaires en m\u00e9tal"}]},{"@type":"WebSite","@id":"https:\/\/www.panoston.ca\/fr\/#website","url":"https:\/\/www.panoston.ca\/fr\/","name":"Pan-Oston Ltd","description":"","potentialAction":[{"@type":"SearchAction","target":{"@type":"EntryPoint","urlTemplate":"https:\/\/www.panoston.ca\/fr\/?s={search_term_string}"},"query-input":{"@type":"PropertyValueSpecification","valueRequired":true,"valueName":"search_term_string"}}],"inLanguage":"fr-FR"}]}},"_links":{"self":[{"href":"https:\/\/www.panoston.ca\/fr\/wp-json\/wp\/v2\/pages\/1613","targetHints":{"allow":["GET"]}}],"collection":[{"href":"https:\/\/www.panoston.ca\/fr\/wp-json\/wp\/v2\/pages"}],"about":[{"href":"https:\/\/www.panoston.ca\/fr\/wp-json\/wp\/v2\/types\/page"}],"author":[{"embeddable":true,"href":"https:\/\/www.panoston.ca\/fr\/wp-json\/wp\/v2\/users\/1"}],"replies":[{"embeddable":true,"href":"https:\/\/www.panoston.ca\/fr\/wp-json\/wp\/v2\/comments?post=1613"}],"version-history":[{"count":0,"href":"https:\/\/www.panoston.ca\/fr\/wp-json\/wp\/v2\/pages\/1613\/revisions"}],"up":[{"embeddable":true,"href":"https:\/\/www.panoston.ca\/fr\/wp-json\/wp\/v2\/pages\/1448"}],"wp:attachment":[{"href":"https:\/\/www.panoston.ca\/fr\/wp-json\/wp\/v2\/media?parent=1613"}],"curies":[{"name":"wp","href":"https:\/\/api.w.org\/{rel}","templated":true}]}}